{"id":41418,"date":"2015-11-10T10:40:45","date_gmt":"2015-11-10T09:40:45","guid":{"rendered":"https:\/\/www.natarom.com\/contact-natarom\/"},"modified":"2024-11-26T10:47:44","modified_gmt":"2024-11-26T09:47:44","slug":"contact-natarom","status":"publish","type":"page","link":"https:\/\/www.natarom.com\/en\/contact-natarom\/","title":{"rendered":"Contact Natarom EN"},"content":{"rendered":"<div class=\"wpb-content-wrapper\"><p>[vc_row][vc_column][vc_column_text]<\/p>\n<h2><span class=\"TextRun SCXW265023751 BCX0\" lang=\"EN\" xml:lang=\"EN\" data-contrast=\"none\"><span class=\"NormalTextRun SCXW265023751 BCX0\">Contact\u00a0<\/span><span class=\"NormalTextRun SpellingErrorV2 SCXW265023751 BCX0\">Natarom<\/span><span class=\"NormalTextRun SCXW265023751 BCX0\">\u00a0using this form and you will be called back very quickly.<\/span><\/span><span class=\"EOP SCXW265023751 BCX0\" data-ccp-props=\"{}\">\u00a0<\/span><\/h2>\n<p>[\/vc_column_text][\/vc_column][\/vc_row][vc_row][vc_column width=&#8221;1\/2&#8243;][vc_column_text css=&#8221;&#8221;]<\/p>\n<h3>Natarom (Soci\u00e9t\u00e9 Piot et Tirouflet)<\/h3>\n<p style=\"padding-left: 40px;\">6 rue Bernard Palissy<br \/>\n91070 Bondoufle<\/p>\n<p style=\"padding-left: 40px;\">T\u00e9l\u00e9phone : <strong>01 64 57 01 13<\/strong><\/p>\n<p>[\/vc_column_text][\/vc_column][vc_column width=&#8221;1\/2&#8243;]\n<div class=\"wpcf7 no-js\" id=\"wpcf7-f42146-o1\" lang=\"en-US\" dir=\"ltr\" data-wpcf7-id=\"42146\">\n<div class=\"screen-reader-response\"><p role=\"status\" aria-live=\"polite\" aria-atomic=\"true\"><\/p> <ul><\/ul><\/div>\n<form action=\"\/en\/wp-json\/wp\/v2\/pages\/41418#wpcf7-f42146-o1\" method=\"post\" class=\"wpcf7-form init\" aria-label=\"Contact form\" novalidate=\"novalidate\" data-status=\"init\">\n<fieldset class=\"hidden-fields-container\"><input type=\"hidden\" name=\"_wpcf7\" value=\"42146\" \/><input type=\"hidden\" name=\"_wpcf7_version\" value=\"6.1.5\" \/><input type=\"hidden\" name=\"_wpcf7_locale\" value=\"en_US\" \/><input type=\"hidden\" name=\"_wpcf7_unit_tag\" value=\"wpcf7-f42146-o1\" \/><input type=\"hidden\" name=\"_wpcf7_container_post\" value=\"0\" \/><input type=\"hidden\" name=\"_wpcf7_posted_data_hash\" value=\"\" \/><input type=\"hidden\" name=\"_wpcf7cf_hidden_group_fields\" value=\"[]\" \/><input type=\"hidden\" name=\"_wpcf7cf_hidden_groups\" value=\"[]\" \/><input type=\"hidden\" name=\"_wpcf7cf_visible_groups\" value=\"[]\" \/><input type=\"hidden\" name=\"_wpcf7cf_repeaters\" value=\"[]\" \/><input type=\"hidden\" name=\"_wpcf7cf_steps\" value=\"{}\" \/><input type=\"hidden\" name=\"_wpcf7cf_options\" value=\"{&quot;form_id&quot;:42146,&quot;conditions&quot;:[],&quot;settings&quot;:{&quot;animation&quot;:&quot;yes&quot;,&quot;animation_intime&quot;:200,&quot;animation_outtime&quot;:200,&quot;conditions_ui&quot;:&quot;normal&quot;,&quot;notice_dismissed&quot;:false,&quot;notice_dismissed_rollback-cf7-5.3.2&quot;:true,&quot;notice_dismissed_rollback-cf7-5.4.1&quot;:true,&quot;notice_dismissed_rollback-cf7-5.5.6&quot;:true,&quot;notice_dismissed_rollback-cf7-5.8&quot;:true,&quot;notice_dismissed_rollback-cf7-5.9.5&quot;:true}}\" \/><input type=\"hidden\" name=\"_wpcf7dtx_version\" value=\"5.0.5\" \/><input type=\"hidden\" name=\"_wpcf7_recaptcha_response\" value=\"\" \/>\n<\/fieldset>\n<p><span class=\"wpcf7-form-control-wrap\" data-name=\"societe\"><input size=\"40\" maxlength=\"400\" class=\"wpcf7-form-control wpcf7-text wpcf7-validates-as-required\" aria-required=\"true\" aria-invalid=\"false\" placeholder=\"Company*\" value=\"\" type=\"text\" name=\"societe\" \/><\/span><span class=\"wpcf7-form-control-wrap\" data-name=\"nom\"><input size=\"40\" maxlength=\"400\" class=\"wpcf7-form-control wpcf7-text wpcf7-validates-as-required\" aria-required=\"true\" aria-invalid=\"false\" placeholder=\"Last Name*\" value=\"\" type=\"text\" name=\"nom\" \/><\/span><span class=\"wpcf7-form-control-wrap\" data-name=\"prenom\"><input size=\"40\" maxlength=\"400\" class=\"wpcf7-form-control wpcf7-text wpcf7-validates-as-required\" aria-required=\"true\" aria-invalid=\"false\" placeholder=\"Firstname*\" value=\"\" type=\"text\" name=\"prenom\" \/><\/span><span class=\"wpcf7-form-control-wrap\" data-name=\"email\"><input size=\"40\" maxlength=\"400\" class=\"wpcf7-form-control wpcf7-email wpcf7-validates-as-required wpcf7-text wpcf7-validates-as-email\" aria-required=\"true\" aria-invalid=\"false\" placeholder=\"Email*\" value=\"\" type=\"email\" name=\"email\" \/><\/span><span class=\"wpcf7-form-control-wrap\" data-name=\"adresse\"><input size=\"40\" maxlength=\"400\" class=\"wpcf7-form-control wpcf7-text\" aria-invalid=\"false\" placeholder=\"Address\" value=\"\" type=\"text\" name=\"adresse\" \/><\/span><span class=\"wpcf7-form-control-wrap\" data-name=\"cp\"><input size=\"40\" maxlength=\"400\" class=\"wpcf7-form-control wpcf7-text\" aria-invalid=\"false\" placeholder=\"Zip code\" value=\"\" type=\"text\" name=\"cp\" \/><\/span><span class=\"wpcf7-form-control-wrap\" data-name=\"ville\"><input size=\"40\" maxlength=\"400\" class=\"wpcf7-form-control wpcf7-text wpcf7-validates-as-required\" aria-required=\"true\" aria-invalid=\"false\" placeholder=\"City*\" value=\"\" type=\"text\" name=\"ville\" \/><\/span><span class=\"wpcf7-form-control-wrap\" data-name=\"pays\"><input size=\"40\" maxlength=\"400\" class=\"wpcf7-form-control wpcf7-text wpcf7-validates-as-required\" aria-required=\"true\" aria-invalid=\"false\" placeholder=\"Country*\" value=\"\" type=\"text\" name=\"pays\" \/><\/span><span class=\"wpcf7-form-control-wrap\" data-name=\"tel\"><input size=\"40\" maxlength=\"400\" class=\"wpcf7-form-control wpcf7-text wpcf7-validates-as-required\" aria-required=\"true\" aria-invalid=\"false\" placeholder=\"Phone number*\" value=\"\" type=\"text\" name=\"tel\" \/><\/span><span class=\"wpcf7-form-control-wrap\" data-name=\"message\"><textarea cols=\"40\" rows=\"3\" maxlength=\"2000\" class=\"wpcf7-form-control wpcf7-textarea wpcf7-validates-as-required\" aria-required=\"true\" aria-invalid=\"false\" placeholder=\"Your Message*\" name=\"message\"><\/textarea><\/span><input class=\"wpcf7-form-control wpcf7-submit has-spinner btn btn-primary\" type=\"submit\" value=\"Send\" \/>\n<\/p><div class=\"wpcf7-response-output\" aria-hidden=\"true\"><\/div>\n<\/form>\n<\/div>\n[\/vc_column][\/vc_row]<\/p>\n<\/div>","protected":false},"excerpt":{"rendered":"<p>[vc_row][vc_column][vc_column_text] Contact\u00a0Natarom\u00a0using this form and you will be called back&#8230;<\/p>\n","protected":false},"author":2,"featured_media":56504,"parent":0,"menu_order":0,"comment_status":"closed","ping_status":"closed","template":"","meta":{"footnotes":""},"class_list":["post-41418","page","type-page","status-publish","has-post-thumbnail","hentry"],"yoast_head":"<!-- This site is optimized with the Yoast SEO plugin v27.3 - https:\/\/yoast.com\/product\/yoast-seo-wordpress\/ -->\n<title>Contact Natarom EN<\/title>\n<meta name=\"description\" content=\"Contactez Natarom gr\u00e2ce \u00e0 ce formulaire et vous serez rappel\u00e9 tr\u00e8s rapidement.\" \/>\n<meta name=\"robots\" content=\"index, follow, max-snippet:-1, max-image-preview:large, max-video-preview:-1\" \/>\n<link rel=\"canonical\" href=\"https:\/\/www.natarom.com\/en\/contact-natarom\/\" \/>\n<meta property=\"og:locale\" content=\"en_US\" \/>\n<meta property=\"og:type\" content=\"article\" \/>\n<meta property=\"og:title\" content=\"Contact Natarom EN\" \/>\n<meta property=\"og:description\" content=\"Contactez Natarom gr\u00e2ce \u00e0 ce formulaire et vous serez rappel\u00e9 tr\u00e8s rapidement.\" \/>\n<meta property=\"og:url\" content=\"https:\/\/www.natarom.com\/en\/contact-natarom\/\" \/>\n<meta property=\"og:site_name\" content=\"Natarom\" \/>\n<meta property=\"article:modified_time\" content=\"2024-11-26T09:47:44+00:00\" \/>\n<meta property=\"og:image\" content=\"https:\/\/www.natarom.com\/wp-content\/uploads\/2023\/09\/2023_Symbole-Natarom_Gold.png\" \/>\n\t<meta property=\"og:image:width\" content=\"357\" \/>\n\t<meta property=\"og:image:height\" content=\"306\" \/>\n\t<meta property=\"og:image:type\" content=\"image\/png\" \/>\n<meta name=\"twitter:card\" content=\"summary_large_image\" \/>\n<meta name=\"twitter:label1\" content=\"Est. reading time\" \/>\n\t<meta name=\"twitter:data1\" content=\"1 minute\" \/>\n<script type=\"application\/ld+json\" class=\"yoast-schema-graph\">{\"@context\":\"https:\\\/\\\/schema.org\",\"@graph\":[{\"@type\":\"WebPage\",\"@id\":\"https:\\\/\\\/www.natarom.com\\\/en\\\/contact-natarom\\\/\",\"url\":\"https:\\\/\\\/www.natarom.com\\\/en\\\/contact-natarom\\\/\",\"name\":\"Contact Natarom EN\",\"isPartOf\":{\"@id\":\"\\\/#website\"},\"primaryImageOfPage\":{\"@id\":\"https:\\\/\\\/www.natarom.com\\\/en\\\/contact-natarom\\\/#primaryimage\"},\"image\":{\"@id\":\"https:\\\/\\\/www.natarom.com\\\/en\\\/contact-natarom\\\/#primaryimage\"},\"thumbnailUrl\":\"https:\\\/\\\/www.natarom.com\\\/wp-content\\\/uploads\\\/2023\\\/09\\\/2023_Symbole-Natarom_Gold.png\",\"datePublished\":\"2015-11-10T09:40:45+00:00\",\"dateModified\":\"2024-11-26T09:47:44+00:00\",\"description\":\"Contactez Natarom gr\u00e2ce \u00e0 ce formulaire et vous serez rappel\u00e9 tr\u00e8s rapidement.\",\"breadcrumb\":{\"@id\":\"https:\\\/\\\/www.natarom.com\\\/en\\\/contact-natarom\\\/#breadcrumb\"},\"inLanguage\":\"en-US\",\"potentialAction\":[{\"@type\":\"ReadAction\",\"target\":[\"https:\\\/\\\/www.natarom.com\\\/en\\\/contact-natarom\\\/\"]}]},{\"@type\":\"ImageObject\",\"inLanguage\":\"en-US\",\"@id\":\"https:\\\/\\\/www.natarom.com\\\/en\\\/contact-natarom\\\/#primaryimage\",\"url\":\"https:\\\/\\\/www.natarom.com\\\/wp-content\\\/uploads\\\/2023\\\/09\\\/2023_Symbole-Natarom_Gold.png\",\"contentUrl\":\"https:\\\/\\\/www.natarom.com\\\/wp-content\\\/uploads\\\/2023\\\/09\\\/2023_Symbole-Natarom_Gold.png\",\"width\":357,\"height\":306},{\"@type\":\"BreadcrumbList\",\"@id\":\"https:\\\/\\\/www.natarom.com\\\/en\\\/contact-natarom\\\/#breadcrumb\",\"itemListElement\":[{\"@type\":\"ListItem\",\"position\":1,\"name\":\"Accueil\",\"item\":\"http:\\\/\\\/www.natarom.com\\\/en\\\/\"},{\"@type\":\"ListItem\",\"position\":2,\"name\":\"Contact Natarom EN\"}]},{\"@type\":\"WebSite\",\"@id\":\"\\\/#website\",\"url\":\"\\\/\",\"name\":\"Natarom\",\"description\":\"\",\"publisher\":{\"@id\":\"\\\/#organization\"},\"potentialAction\":[{\"@type\":\"SearchAction\",\"target\":{\"@type\":\"EntryPoint\",\"urlTemplate\":\"\\\/?s={search_term_string}\"},\"query-input\":{\"@type\":\"PropertyValueSpecification\",\"valueRequired\":true,\"valueName\":\"search_term_string\"}}],\"inLanguage\":\"en-US\"},{\"@type\":\"Organization\",\"@id\":\"\\\/#organization\",\"name\":\"Natarom\",\"url\":\"\\\/\",\"logo\":{\"@type\":\"ImageObject\",\"inLanguage\":\"en-US\",\"@id\":\"\\\/#\\\/schema\\\/logo\\\/image\\\/\",\"url\":\"http:\\\/\\\/www.natarom.com\\\/wp-content\\\/uploads\\\/2020\\\/07\\\/Logo_2019_Natarom-sansBASELINE-e1610620300146.png\",\"contentUrl\":\"http:\\\/\\\/www.natarom.com\\\/wp-content\\\/uploads\\\/2020\\\/07\\\/Logo_2019_Natarom-sansBASELINE-e1610620300146.png\",\"width\":694,\"height\":222,\"caption\":\"Natarom\"},\"image\":{\"@id\":\"\\\/#\\\/schema\\\/logo\\\/image\\\/\"}}]}<\/script>\n<!-- \/ Yoast SEO plugin. -->","yoast_head_json":{"title":"Contact Natarom EN","description":"Contactez Natarom gr\u00e2ce \u00e0 ce formulaire et vous serez rappel\u00e9 tr\u00e8s rapidement.","robots":{"index":"index","follow":"follow","max-snippet":"max-snippet:-1","max-image-preview":"max-image-preview:large","max-video-preview":"max-video-preview:-1"},"canonical":"https:\/\/www.natarom.com\/en\/contact-natarom\/","og_locale":"en_US","og_type":"article","og_title":"Contact Natarom EN","og_description":"Contactez Natarom gr\u00e2ce \u00e0 ce formulaire et vous serez rappel\u00e9 tr\u00e8s rapidement.","og_url":"https:\/\/www.natarom.com\/en\/contact-natarom\/","og_site_name":"Natarom","article_modified_time":"2024-11-26T09:47:44+00:00","og_image":[{"width":357,"height":306,"url":"https:\/\/www.natarom.com\/wp-content\/uploads\/2023\/09\/2023_Symbole-Natarom_Gold.png","type":"image\/png"}],"twitter_card":"summary_large_image","twitter_misc":{"Est. reading time":"1 minute"},"schema":{"@context":"https:\/\/schema.org","@graph":[{"@type":"WebPage","@id":"https:\/\/www.natarom.com\/en\/contact-natarom\/","url":"https:\/\/www.natarom.com\/en\/contact-natarom\/","name":"Contact Natarom EN","isPartOf":{"@id":"\/#website"},"primaryImageOfPage":{"@id":"https:\/\/www.natarom.com\/en\/contact-natarom\/#primaryimage"},"image":{"@id":"https:\/\/www.natarom.com\/en\/contact-natarom\/#primaryimage"},"thumbnailUrl":"https:\/\/www.natarom.com\/wp-content\/uploads\/2023\/09\/2023_Symbole-Natarom_Gold.png","datePublished":"2015-11-10T09:40:45+00:00","dateModified":"2024-11-26T09:47:44+00:00","description":"Contactez Natarom gr\u00e2ce \u00e0 ce formulaire et vous serez rappel\u00e9 tr\u00e8s rapidement.","breadcrumb":{"@id":"https:\/\/www.natarom.com\/en\/contact-natarom\/#breadcrumb"},"inLanguage":"en-US","potentialAction":[{"@type":"ReadAction","target":["https:\/\/www.natarom.com\/en\/contact-natarom\/"]}]},{"@type":"ImageObject","inLanguage":"en-US","@id":"https:\/\/www.natarom.com\/en\/contact-natarom\/#primaryimage","url":"https:\/\/www.natarom.com\/wp-content\/uploads\/2023\/09\/2023_Symbole-Natarom_Gold.png","contentUrl":"https:\/\/www.natarom.com\/wp-content\/uploads\/2023\/09\/2023_Symbole-Natarom_Gold.png","width":357,"height":306},{"@type":"BreadcrumbList","@id":"https:\/\/www.natarom.com\/en\/contact-natarom\/#breadcrumb","itemListElement":[{"@type":"ListItem","position":1,"name":"Accueil","item":"https:\/\/www.natarom.com\/en\/"},{"@type":"ListItem","position":2,"name":"Contact Natarom EN"}]},{"@type":"WebSite","@id":"\/#website","url":"\/","name":"Natarom","description":"","publisher":{"@id":"\/#organization"},"potentialAction":[{"@type":"SearchAction","target":{"@type":"EntryPoint","urlTemplate":"\/?s={search_term_string}"},"query-input":{"@type":"PropertyValueSpecification","valueRequired":true,"valueName":"search_term_string"}}],"inLanguage":"en-US"},{"@type":"Organization","@id":"\/#organization","name":"Natarom","url":"\/","logo":{"@type":"ImageObject","inLanguage":"en-US","@id":"\/#\/schema\/logo\/image\/","url":"https:\/\/www.natarom.com\/wp-content\/uploads\/2020\/07\/Logo_2019_Natarom-sansBASELINE-e1610620300146.png","contentUrl":"https:\/\/www.natarom.com\/wp-content\/uploads\/2020\/07\/Logo_2019_Natarom-sansBASELINE-e1610620300146.png","width":694,"height":222,"caption":"Natarom"},"image":{"@id":"\/#\/schema\/logo\/image\/"}}]}},"publishpress_future_action":{"enabled":false,"date":"2026-05-03 09:00:54","action":"change-status","newStatus":"draft","terms":[],"taxonomy":"translation_priority","extraData":[]},"publishpress_future_workflow_manual_trigger":{"enabledWorkflows":[]},"_links":{"self":[{"href":"https:\/\/www.natarom.com\/en\/wp-json\/wp\/v2\/pages\/41418","targetHints":{"allow":["GET"]}}],"collection":[{"href":"https:\/\/www.natarom.com\/en\/wp-json\/wp\/v2\/pages"}],"about":[{"href":"https:\/\/www.natarom.com\/en\/wp-json\/wp\/v2\/types\/page"}],"author":[{"embeddable":true,"href":"https:\/\/www.natarom.com\/en\/wp-json\/wp\/v2\/users\/2"}],"replies":[{"embeddable":true,"href":"https:\/\/www.natarom.com\/en\/wp-json\/wp\/v2\/comments?post=41418"}],"version-history":[{"count":6,"href":"https:\/\/www.natarom.com\/en\/wp-json\/wp\/v2\/pages\/41418\/revisions"}],"predecessor-version":[{"id":62052,"href":"https:\/\/www.natarom.com\/en\/wp-json\/wp\/v2\/pages\/41418\/revisions\/62052"}],"wp:featuredmedia":[{"embeddable":true,"href":"https:\/\/www.natarom.com\/en\/wp-json\/wp\/v2\/media\/56504"}],"wp:attachment":[{"href":"https:\/\/www.natarom.com\/en\/wp-json\/wp\/v2\/media?parent=41418"}],"curies":[{"name":"wp","href":"https:\/\/api.w.org\/{rel}","templated":true}]}}