{"id":42047,"date":"2015-11-10T10:38:26","date_gmt":"2015-11-10T09:38:26","guid":{"rendered":"https:\/\/www.natarom.com\/solutions-olfactives-applications-concretes\/"},"modified":"2021-11-23T09:51:20","modified_gmt":"2021-11-23T08:51:20","slug":"las-aplicaciones-concretas-del-marketing-olfativo","status":"publish","type":"page","link":"https:\/\/www.natarom.com\/es\/las-aplicaciones-concretas-del-marketing-olfativo\/","title":{"rendered":"Las aplicaciones concretas del marketing olfativo"},"content":{"rendered":"<div class=\"wpb-content-wrapper\"><p>[vc_row][vc_column][vc_column_text]<\/p>\n<h2>\u00a1aporte una nueva dimensi\u00f3n sensorial y emocional a todos sus espacios con el marketing\u00a0olfativo!<\/h2>\n<p>[\/vc_column_text][vc_column_text]<\/p>\n<h3>Empresas y zonas de oficinas<\/h3>\n<p>Los\u00a0<strong>perfumes\u00a0de\u00a0ambiente<\/strong> mejoran el entorno, reducen el estr\u00e9s y crean unos espacios de trabajo y de recepci\u00f3n en los que las personas se <strong>sienten a gusto<\/strong>. Hacer que sus colaboradores trabajen en un espacio sano y agradable contribuye a su desarrollo profesional.<\/p>\n<ul>\n<li>Zonas de recepci\u00f3n<\/li>\n<li>Oficinas<\/li>\n<li>Salas de reuniones<\/li>\n<li>Salas de descanso<\/li>\n<li>Vestuarios, etc.<\/li>\n<\/ul>\n<p>[\/vc_column_text][vc_column_text]<\/p>\n<h3>Zonas comerciales<\/h3>\n<p>Una fragancia personalizada crea una relaci\u00f3n m\u00e1s estrecha con los visitantes o los clientes y despierta en ellos el deseo de volver. Si es de calidad, la firma olfativa armoniza con su imagen diferenci\u00e1ndole de la competencia.<\/p>\n<ul>\n<li>Tiendas y galer\u00edas comerciales<\/li>\n<li>Salones de peluquer\u00eda y est\u00e9tica<\/li>\n<li>Bares y restaurantes<\/li>\n<li>Farmacias<\/li>\n<li>Showrooms, etc.<\/li>\n<\/ul>\n<p>[\/vc_column_text][vc_posts_slider layout=&#8221;vertical&#8221; categories=&#8221;Espaces Commerciaux&#8221; posttypes=&#8221;post&#8221; desktop=&#8221;2&#8243; notebook=&#8221;2&#8243; tablet=&#8221;2&#8243; phones=&#8221;1&#8243; thumb_size=&#8221;400&#215;200&#8243;][vc_column_text]<\/p>\n<h3>Agencias de marketing \/ comunicaci\u00f3n<\/h3>\n<p>En el marketing, la <strong>creatividad<\/strong> y el <strong>sentido<\/strong> de la <strong>innovaci\u00f3n<\/strong> son esenciales. Gracias al marketing olfativo, que resulta atractivo por su original sistema, puede ofrecerles a sus clientes la creaci\u00f3n de ambientes olfativos en torno a un producto, una marca o un evento. Sus campa\u00f1as de comunicaci\u00f3n ser\u00e1n a\u00fan m\u00e1s eficaces.<\/p>\n<ul>\n<li>Comunicaci\u00f3n de marca<\/li>\n<li>Lanzamiento de producto, plv<\/li>\n<li>Promociones<\/li>\n<li>Celebraci\u00f3n de eventos, etc.<\/li>\n<\/ul>\n<p>[\/vc_column_text][vc_column_text]<\/p>\n<h3>Espacios p\u00fablicos<\/h3>\n<p>La <strong>primera impresi\u00f3n es esencial<\/strong>, aunque resulte m\u00e1s emocional que razonada. En un espacio p\u00fablico (recepci\u00f3n, lugar de recreo, servicios\u2026), el marketing olfativo est\u00e1 totalmente indicado para establecer la confianza y dinamizar la relaci\u00f3n. \u00a1despierte en sus visitantes el deseo de volver a visitarle!<\/p>\n<ul>\n<li>Hoteles<\/li>\n<li>Discotecas, casinos<\/li>\n<li>Museos, parques de ocio<\/li>\n<li>Aparcamientos<\/li>\n<li>Salas de\u00a0espect\u00e1culos, etc.<\/li>\n<\/ul>\n<p>[\/vc_column_text][vc_posts_slider layout=&#8221;vertical&#8221; categories=&#8221;Espaces Publics&#8221; posttypes=&#8221;post&#8221; desktop=&#8221;2&#8243; notebook=&#8221;2&#8243; tablet=&#8221;2&#8243; phones=&#8221;1&#8243; thumb_size=&#8221;400&#215;200&#8243;][vc_column_text el_id=&#8221;sport&#8221;]<\/p>\n<h3>Zonas deportivas, clubs de puesta en forma<\/h3>\n<p>Las soluciones olfativas de natarom responden perfectamente a las necesidades de estos espacios en los que a veces los clientes se sienten incomodados por los olores corporales. Las soluciones olfativas restablecen naturalmente un <strong>ambiente de bienestar y de relax<\/strong>.<\/p>\n<ul>\n<li>Clubs de fitness, saunas, hammams, jacuzzis<\/li>\n<li>Centros de belleza y de bronceado<\/li>\n<li>Centros de talasoterapia<\/li>\n<li>Gimnasios\u00a0y\u00a0vestuarios, etc.<\/li>\n<\/ul>\n<p>[\/vc_column_text][vc_posts_slider layout=&#8221;vertical&#8221; categories=&#8221;salles de sport&#8221; posttypes=&#8221;post&#8221; desktop=&#8221;2&#8243; notebook=&#8221;2&#8243; tablet=&#8221;2&#8243; phones=&#8221;1&#8243; thumb_size=&#8221;400&#215;200&#8243;][vc_column_text]<\/p>\n<h3>Entorno param\u00e9dico<\/h3>\n<p>Se trata de un entorno que a menudo requiere una soluci\u00f3n olfativa para solucionar un malestar, una situaci\u00f3n de estr\u00e9s, olores m\u00e9dicos\u2026 la difusi\u00f3n de aromas saneantes y relajantes recrea un ambiente de confort haciendo que estos espacios resulten m\u00e1s <strong>acogedores y agradables<\/strong>.<\/p>\n<ul>\n<li>Residencias de la tercera edad<\/li>\n<li>Laboratorios de an\u00e1lisis m\u00e9dicos<\/li>\n<li>Consultas m\u00e9dicas<\/li>\n<li>Consultas veterinarias, etc.<\/li>\n<\/ul>\n<p>[\/vc_column_text][\/vc_column][\/vc_row]<\/p>\n<\/div>","protected":false},"excerpt":{"rendered":"<p>[vc_row][vc_column][vc_column_text] \u00a1aporte una nueva dimensi\u00f3n sensorial y emocional a todos&#8230;<\/p>\n","protected":false},"author":2,"featured_media":57696,"parent":0,"menu_order":0,"comment_status":"closed","ping_status":"closed","template":"","meta":{"footnotes":""},"class_list":["post-42047","page","type-page","status-publish","has-post-thumbnail","hentry"],"yoast_head":"<!-- This site is optimized with the Yoast SEO plugin v27.3 - https:\/\/yoast.com\/product\/yoast-seo-wordpress\/ -->\n<title>Las aplicaciones concretas del marketing olfativo<\/title>\n<meta name=\"description\" content=\"\u00a1aporte una nueva dimensi\u00f3n sensorial y emocional a todos sus espacios con el marketing olfativo!\" \/>\n<meta name=\"robots\" content=\"index, follow, max-snippet:-1, max-image-preview:large, max-video-preview:-1\" \/>\n<link rel=\"canonical\" href=\"https:\/\/www.natarom.com\/es\/las-aplicaciones-concretas-del-marketing-olfativo\/\" \/>\n<meta property=\"og:locale\" content=\"es_ES\" \/>\n<meta property=\"og:type\" content=\"article\" \/>\n<meta property=\"og:title\" content=\"Las aplicaciones concretas del marketing olfativo\" \/>\n<meta property=\"og:description\" content=\"\u00a1aporte una nueva dimensi\u00f3n sensorial y emocional a todos sus espacios con el marketing olfativo!\" \/>\n<meta property=\"og:url\" content=\"https:\/\/www.natarom.com\/es\/las-aplicaciones-concretas-del-marketing-olfativo\/\" \/>\n<meta property=\"og:site_name\" content=\"Natarom\" \/>\n<meta property=\"article:modified_time\" content=\"2021-11-23T08:51:20+00:00\" \/>\n<meta property=\"og:image\" content=\"https:\/\/www.natarom.com\/wp-content\/uploads\/2023\/11\/2023_capilla_5.jpg\" \/>\n\t<meta property=\"og:image:width\" content=\"1920\" \/>\n\t<meta property=\"og:image:height\" content=\"1280\" \/>\n\t<meta property=\"og:image:type\" content=\"image\/jpeg\" \/>\n<meta name=\"twitter:card\" content=\"summary_large_image\" \/>\n<meta name=\"twitter:label1\" content=\"Tiempo de lectura\" \/>\n\t<meta name=\"twitter:data1\" content=\"2 minutos\" \/>\n<script type=\"application\/ld+json\" class=\"yoast-schema-graph\">{\"@context\":\"https:\\\/\\\/schema.org\",\"@graph\":[{\"@type\":\"WebPage\",\"@id\":\"https:\\\/\\\/www.natarom.com\\\/es\\\/las-aplicaciones-concretas-del-marketing-olfativo\\\/\",\"url\":\"https:\\\/\\\/www.natarom.com\\\/es\\\/las-aplicaciones-concretas-del-marketing-olfativo\\\/\",\"name\":\"Las aplicaciones concretas del marketing olfativo\",\"isPartOf\":{\"@id\":\"\\\/#website\"},\"primaryImageOfPage\":{\"@id\":\"https:\\\/\\\/www.natarom.com\\\/es\\\/las-aplicaciones-concretas-del-marketing-olfativo\\\/#primaryimage\"},\"image\":{\"@id\":\"https:\\\/\\\/www.natarom.com\\\/es\\\/las-aplicaciones-concretas-del-marketing-olfativo\\\/#primaryimage\"},\"thumbnailUrl\":\"https:\\\/\\\/www.natarom.com\\\/wp-content\\\/uploads\\\/2023\\\/11\\\/2023_capilla_5.jpg\",\"datePublished\":\"2015-11-10T09:38:26+00:00\",\"dateModified\":\"2021-11-23T08:51:20+00:00\",\"description\":\"\u00a1aporte una nueva dimensi\u00f3n sensorial y emocional a todos sus espacios con el marketing olfativo!\",\"breadcrumb\":{\"@id\":\"https:\\\/\\\/www.natarom.com\\\/es\\\/las-aplicaciones-concretas-del-marketing-olfativo\\\/#breadcrumb\"},\"inLanguage\":\"es\",\"potentialAction\":[{\"@type\":\"ReadAction\",\"target\":[\"https:\\\/\\\/www.natarom.com\\\/es\\\/las-aplicaciones-concretas-del-marketing-olfativo\\\/\"]}]},{\"@type\":\"ImageObject\",\"inLanguage\":\"es\",\"@id\":\"https:\\\/\\\/www.natarom.com\\\/es\\\/las-aplicaciones-concretas-del-marketing-olfativo\\\/#primaryimage\",\"url\":\"https:\\\/\\\/www.natarom.com\\\/wp-content\\\/uploads\\\/2023\\\/11\\\/2023_capilla_5.jpg\",\"contentUrl\":\"https:\\\/\\\/www.natarom.com\\\/wp-content\\\/uploads\\\/2023\\\/11\\\/2023_capilla_5.jpg\",\"width\":1920,\"height\":1280},{\"@type\":\"BreadcrumbList\",\"@id\":\"https:\\\/\\\/www.natarom.com\\\/es\\\/las-aplicaciones-concretas-del-marketing-olfativo\\\/#breadcrumb\",\"itemListElement\":[{\"@type\":\"ListItem\",\"position\":1,\"name\":\"Accueil\",\"item\":\"http:\\\/\\\/www.natarom.com\\\/es\\\/\"},{\"@type\":\"ListItem\",\"position\":2,\"name\":\"Las aplicaciones concretas del marketing olfativo\"}]},{\"@type\":\"WebSite\",\"@id\":\"\\\/#website\",\"url\":\"\\\/\",\"name\":\"Natarom\",\"description\":\"\",\"publisher\":{\"@id\":\"\\\/#organization\"},\"potentialAction\":[{\"@type\":\"SearchAction\",\"target\":{\"@type\":\"EntryPoint\",\"urlTemplate\":\"\\\/?s={search_term_string}\"},\"query-input\":{\"@type\":\"PropertyValueSpecification\",\"valueRequired\":true,\"valueName\":\"search_term_string\"}}],\"inLanguage\":\"es\"},{\"@type\":\"Organization\",\"@id\":\"\\\/#organization\",\"name\":\"Natarom\",\"url\":\"\\\/\",\"logo\":{\"@type\":\"ImageObject\",\"inLanguage\":\"es\",\"@id\":\"\\\/#\\\/schema\\\/logo\\\/image\\\/\",\"url\":\"http:\\\/\\\/www.natarom.com\\\/wp-content\\\/uploads\\\/2020\\\/07\\\/Logo_2019_Natarom-sansBASELINE-e1610620300146.png\",\"contentUrl\":\"http:\\\/\\\/www.natarom.com\\\/wp-content\\\/uploads\\\/2020\\\/07\\\/Logo_2019_Natarom-sansBASELINE-e1610620300146.png\",\"width\":694,\"height\":222,\"caption\":\"Natarom\"},\"image\":{\"@id\":\"\\\/#\\\/schema\\\/logo\\\/image\\\/\"}}]}<\/script>\n<!-- \/ Yoast SEO plugin. -->","yoast_head_json":{"title":"Las aplicaciones concretas del marketing olfativo","description":"\u00a1aporte una nueva dimensi\u00f3n sensorial y emocional a todos sus espacios con el marketing olfativo!","robots":{"index":"index","follow":"follow","max-snippet":"max-snippet:-1","max-image-preview":"max-image-preview:large","max-video-preview":"max-video-preview:-1"},"canonical":"https:\/\/www.natarom.com\/es\/las-aplicaciones-concretas-del-marketing-olfativo\/","og_locale":"es_ES","og_type":"article","og_title":"Las aplicaciones concretas del marketing olfativo","og_description":"\u00a1aporte una nueva dimensi\u00f3n sensorial y emocional a todos sus espacios con el marketing olfativo!","og_url":"https:\/\/www.natarom.com\/es\/las-aplicaciones-concretas-del-marketing-olfativo\/","og_site_name":"Natarom","article_modified_time":"2021-11-23T08:51:20+00:00","og_image":[{"width":1920,"height":1280,"url":"https:\/\/www.natarom.com\/wp-content\/uploads\/2023\/11\/2023_capilla_5.jpg","type":"image\/jpeg"}],"twitter_card":"summary_large_image","twitter_misc":{"Tiempo de lectura":"2 minutos"},"schema":{"@context":"https:\/\/schema.org","@graph":[{"@type":"WebPage","@id":"https:\/\/www.natarom.com\/es\/las-aplicaciones-concretas-del-marketing-olfativo\/","url":"https:\/\/www.natarom.com\/es\/las-aplicaciones-concretas-del-marketing-olfativo\/","name":"Las aplicaciones concretas del marketing olfativo","isPartOf":{"@id":"\/#website"},"primaryImageOfPage":{"@id":"https:\/\/www.natarom.com\/es\/las-aplicaciones-concretas-del-marketing-olfativo\/#primaryimage"},"image":{"@id":"https:\/\/www.natarom.com\/es\/las-aplicaciones-concretas-del-marketing-olfativo\/#primaryimage"},"thumbnailUrl":"https:\/\/www.natarom.com\/wp-content\/uploads\/2023\/11\/2023_capilla_5.jpg","datePublished":"2015-11-10T09:38:26+00:00","dateModified":"2021-11-23T08:51:20+00:00","description":"\u00a1aporte una nueva dimensi\u00f3n sensorial y emocional a todos sus espacios con el marketing olfativo!","breadcrumb":{"@id":"https:\/\/www.natarom.com\/es\/las-aplicaciones-concretas-del-marketing-olfativo\/#breadcrumb"},"inLanguage":"es","potentialAction":[{"@type":"ReadAction","target":["https:\/\/www.natarom.com\/es\/las-aplicaciones-concretas-del-marketing-olfativo\/"]}]},{"@type":"ImageObject","inLanguage":"es","@id":"https:\/\/www.natarom.com\/es\/las-aplicaciones-concretas-del-marketing-olfativo\/#primaryimage","url":"https:\/\/www.natarom.com\/wp-content\/uploads\/2023\/11\/2023_capilla_5.jpg","contentUrl":"https:\/\/www.natarom.com\/wp-content\/uploads\/2023\/11\/2023_capilla_5.jpg","width":1920,"height":1280},{"@type":"BreadcrumbList","@id":"https:\/\/www.natarom.com\/es\/las-aplicaciones-concretas-del-marketing-olfativo\/#breadcrumb","itemListElement":[{"@type":"ListItem","position":1,"name":"Accueil","item":"https:\/\/www.natarom.com\/es\/"},{"@type":"ListItem","position":2,"name":"Las aplicaciones concretas del marketing olfativo"}]},{"@type":"WebSite","@id":"\/#website","url":"\/","name":"Natarom","description":"","publisher":{"@id":"\/#organization"},"potentialAction":[{"@type":"SearchAction","target":{"@type":"EntryPoint","urlTemplate":"\/?s={search_term_string}"},"query-input":{"@type":"PropertyValueSpecification","valueRequired":true,"valueName":"search_term_string"}}],"inLanguage":"es"},{"@type":"Organization","@id":"\/#organization","name":"Natarom","url":"\/","logo":{"@type":"ImageObject","inLanguage":"es","@id":"\/#\/schema\/logo\/image\/","url":"https:\/\/www.natarom.com\/wp-content\/uploads\/2020\/07\/Logo_2019_Natarom-sansBASELINE-e1610620300146.png","contentUrl":"https:\/\/www.natarom.com\/wp-content\/uploads\/2020\/07\/Logo_2019_Natarom-sansBASELINE-e1610620300146.png","width":694,"height":222,"caption":"Natarom"},"image":{"@id":"\/#\/schema\/logo\/image\/"}}]}},"publishpress_future_action":{"enabled":false,"date":"2026-04-25 05:04:06","action":"change-status","newStatus":"draft","terms":[],"taxonomy":"translation_priority","extraData":[]},"publishpress_future_workflow_manual_trigger":{"enabledWorkflows":[]},"_links":{"self":[{"href":"https:\/\/www.natarom.com\/es\/wp-json\/wp\/v2\/pages\/42047","targetHints":{"allow":["GET"]}}],"collection":[{"href":"https:\/\/www.natarom.com\/es\/wp-json\/wp\/v2\/pages"}],"about":[{"href":"https:\/\/www.natarom.com\/es\/wp-json\/wp\/v2\/types\/page"}],"author":[{"embeddable":true,"href":"https:\/\/www.natarom.com\/es\/wp-json\/wp\/v2\/users\/2"}],"replies":[{"embeddable":true,"href":"https:\/\/www.natarom.com\/es\/wp-json\/wp\/v2\/comments?post=42047"}],"version-history":[{"count":3,"href":"https:\/\/www.natarom.com\/es\/wp-json\/wp\/v2\/pages\/42047\/revisions"}],"predecessor-version":[{"id":42054,"href":"https:\/\/www.natarom.com\/es\/wp-json\/wp\/v2\/pages\/42047\/revisions\/42054"}],"wp:featuredmedia":[{"embeddable":true,"href":"https:\/\/www.natarom.com\/es\/wp-json\/wp\/v2\/media\/57696"}],"wp:attachment":[{"href":"https:\/\/www.natarom.com\/es\/wp-json\/wp\/v2\/media?parent=42047"}],"curies":[{"name":"wp","href":"https:\/\/api.w.org\/{rel}","templated":true}]}}