{"id":41833,"date":"2015-11-10T10:38:50","date_gmt":"2015-11-10T09:38:50","guid":{"rendered":"https:\/\/www.natarom.com\/parfum-et-marketing-sensoriel-creez-votre-logo-olfactif\/"},"modified":"2021-11-16T16:49:27","modified_gmt":"2021-11-16T15:49:27","slug":"perfume-e-marketing-sensorial-crie-o-seu-logotipo-olfactivo","status":"publish","type":"page","link":"https:\/\/www.natarom.com\/pt-pt\/perfume-e-marketing-sensorial-crie-o-seu-logotipo-olfactivo\/","title":{"rendered":"Perfume e marketing sensorial, crie o seu log\u00f3tipo olfactivo"},"content":{"rendered":"<h2>Deseja criar la\u00e7os que perdurem com os seus clientes? Deixe-se guiar pelos nossos profissionais em marketing sensorial e crie a sua pr\u00f3pria identidade olfactiva.<\/h2>\n<h3>O perfume e o marketing sensorial<\/h3>\n<p>Um perfume ou um ambiente olfactivo agrad\u00e1vel estimula naturalmente o olfacto no consumidor, o que pode levar a prolongar a sua visita\u2026 no caso de certos produtos, o perfume \u00e9 um factor essencial no momento da compra. O mesmo acontece com os produtos de beleza e diversos outros produtos de grande consumo.<br \/>\nEm plena expans\u00e3o, o marketing sensorial procura estabelecer um elo duradouro entre a marca e o consumidor atrav\u00e9s de uma experi\u00eancia sensorial que traz \u00e0 mem\u00f3ria as nossas lembran\u00e7as. O marketing olfactivo utiliza especificamente o perfume para provocar emo\u00e7\u00f5es e desenvolver uma sensa\u00e7\u00e3o de bem-estar.<\/p>\n<h3>Juntos, elaboramos o seu log\u00f3tipo olfactivo!<\/h3>\n<p>Mais do que uma mera difus\u00e3o de fragr\u00e2ncias, poder\u00e1 associar um perfume \u00fanico \u00e0 sua imagem e \u00e0 sua loja, e criar desta forma o seu pr\u00f3prio log\u00f3tipo olfactivo!<br \/>\nAtentas \u00e0s suas necessidades, as nossas equipas est\u00e3o \u00e0 sua disposi\u00e7\u00e3o para procurarem juntamente consigo a solu\u00e7\u00e3o que melhor se adaptar \u00e0s suas expectativas. Um estudo personalizado e conduzido pela natarom \u00e9 a primeira etapa indispens\u00e1vel para qualquer desenvolvimento \u00e0 medida.<\/p>\n\n<div class=\"wpcf7 no-js\" id=\"wpcf7-f2385-o1\" lang=\"fr-FR\" dir=\"ltr\" data-wpcf7-id=\"2385\">\n<div class=\"screen-reader-response\"><p role=\"status\" aria-live=\"polite\" aria-atomic=\"true\"><\/p> <ul><\/ul><\/div>\n<form action=\"\/pt-pt\/wp-json\/wp\/v2\/pages\/41833#wpcf7-f2385-o1\" method=\"post\" class=\"wpcf7-form init\" aria-label=\"Formulaire de contact\" novalidate=\"novalidate\" data-status=\"init\">\n<fieldset class=\"hidden-fields-container\"><input type=\"hidden\" name=\"_wpcf7\" value=\"2385\" \/><input type=\"hidden\" name=\"_wpcf7_version\" value=\"6.1.5\" \/><input type=\"hidden\" name=\"_wpcf7_locale\" value=\"fr_FR\" \/><input type=\"hidden\" name=\"_wpcf7_unit_tag\" value=\"wpcf7-f2385-o1\" \/><input type=\"hidden\" name=\"_wpcf7_container_post\" value=\"0\" \/><input type=\"hidden\" name=\"_wpcf7_posted_data_hash\" value=\"\" \/><input type=\"hidden\" name=\"_wpcf7cf_hidden_group_fields\" value=\"[]\" \/><input type=\"hidden\" name=\"_wpcf7cf_hidden_groups\" value=\"[]\" \/><input type=\"hidden\" name=\"_wpcf7cf_visible_groups\" value=\"[]\" \/><input type=\"hidden\" name=\"_wpcf7cf_repeaters\" value=\"[]\" \/><input type=\"hidden\" name=\"_wpcf7cf_steps\" value=\"{}\" \/><input type=\"hidden\" name=\"_wpcf7cf_options\" value=\"{&quot;form_id&quot;:2385,&quot;conditions&quot;:[],&quot;settings&quot;:{&quot;animation&quot;:&quot;yes&quot;,&quot;animation_intime&quot;:200,&quot;animation_outtime&quot;:200,&quot;conditions_ui&quot;:&quot;normal&quot;,&quot;notice_dismissed&quot;:false,&quot;notice_dismissed_rollback-cf7-5.3.2&quot;:true,&quot;notice_dismissed_rollback-cf7-5.4.1&quot;:true,&quot;notice_dismissed_rollback-cf7-5.5.6&quot;:true,&quot;notice_dismissed_rollback-cf7-5.8&quot;:true,&quot;notice_dismissed_rollback-cf7-5.9.5&quot;:true}}\" \/><input type=\"hidden\" name=\"_wpcf7dtx_version\" value=\"5.0.5\" \/><input type=\"hidden\" name=\"_wpcf7_recaptcha_response\" value=\"\" \/>\n<\/fieldset>\n<div class=\"row-fluid\">\n\t<p class=\"span4 field\"><span class=\"wpcf7-form-control-wrap\" data-name=\"societe\"><input size=\"40\" maxlength=\"400\" class=\"wpcf7-form-control wpcf7-text wpcf7-validates-as-required\" aria-required=\"true\" aria-invalid=\"false\" placeholder=\"Soci\u00e9t\u00e9 *\" value=\"\" type=\"text\" name=\"societe\" \/><\/span>\n\t<\/p>\n\t<p class=\"span4 field\"><span class=\"wpcf7-form-control-wrap\" data-name=\"nom\"><input size=\"40\" maxlength=\"400\" class=\"wpcf7-form-control wpcf7-text wpcf7-validates-as-required\" aria-required=\"true\" aria-invalid=\"false\" placeholder=\"Nom et Pr\u00e9nom *\" value=\"\" type=\"text\" name=\"nom\" \/><\/span>\n\t<\/p>\n\t<p class=\"span4 field\"><span class=\"wpcf7-form-control-wrap\" data-name=\"email\"><input size=\"40\" maxlength=\"400\" class=\"wpcf7-form-control wpcf7-email wpcf7-validates-as-required wpcf7-text wpcf7-validates-as-email\" aria-required=\"true\" aria-invalid=\"false\" placeholder=\"E-mail *\" value=\"\" type=\"email\" name=\"email\" \/><\/span>\n\t<\/p>\n<\/div>\n<div class=\"row-fluid\">\n\t<p class=\"span4 field\"><span class=\"wpcf7-form-control-wrap\" data-name=\"adresse\"><input size=\"40\" maxlength=\"400\" class=\"wpcf7-form-control wpcf7-text\" aria-invalid=\"false\" placeholder=\"Adresse\" value=\"\" type=\"text\" name=\"adresse\" \/><\/span>\n\t<\/p>\n\t<p class=\"span4 field\"><span class=\"wpcf7-form-control-wrap\" data-name=\"cp\"><input size=\"40\" maxlength=\"400\" class=\"wpcf7-form-control wpcf7-text\" aria-invalid=\"false\" placeholder=\"Code postal\" value=\"\" type=\"text\" name=\"cp\" \/><\/span>\n\t<\/p>\n\t<p class=\"span4 field\"><span class=\"wpcf7-form-control-wrap\" data-name=\"ville\"><input size=\"40\" maxlength=\"400\" class=\"wpcf7-form-control wpcf7-text wpcf7-validates-as-required\" aria-required=\"true\" aria-invalid=\"false\" placeholder=\"Ville *\" value=\"\" type=\"text\" name=\"ville\" \/><\/span>\n\t<\/p>\n<\/div>\n<div class=\"row-fluid\">\n\t<p class=\"span4 field\"><span class=\"wpcf7-form-control-wrap\" data-name=\"pays\"><input size=\"40\" maxlength=\"400\" class=\"wpcf7-form-control wpcf7-text wpcf7-validates-as-required\" aria-required=\"true\" aria-invalid=\"false\" placeholder=\"Pays *\" value=\"\" type=\"text\" name=\"pays\" \/><\/span>\n\t<\/p>\n\t<p class=\"span4 field\"><span class=\"wpcf7-form-control-wrap\" data-name=\"tel\"><input size=\"40\" maxlength=\"400\" class=\"wpcf7-form-control wpcf7-text wpcf7-validates-as-required\" aria-required=\"true\" aria-invalid=\"false\" placeholder=\"T\u00e9l\u00e9phone *\" value=\"\" type=\"text\" name=\"tel\" \/><\/span>\n\t<\/p>\n\t<p class=\"span4 field\">\n\t<\/p>\n<\/div>\n<p class=\"field\"><span class=\"wpcf7-form-control-wrap\" data-name=\"message\"><textarea cols=\"40\" rows=\"10\" maxlength=\"2000\" class=\"wpcf7-form-control wpcf7-textarea\" aria-invalid=\"false\" placeholder=\"Message *\" name=\"message\"><\/textarea><\/span>\n<\/p>\n<p class=\"submit-wrap\"><input class=\"wpcf7-form-control wpcf7-submit has-spinner btn btn-primary\" type=\"submit\" value=\"Envoyer\" \/>\n<\/p><div class=\"wpcf7-response-output\" aria-hidden=\"true\"><\/div>\n<\/form>\n<\/div>\n\n","protected":false},"excerpt":{"rendered":"<p>Deseja criar la\u00e7os que perdurem com os seus clientes? Deixe-se&#8230;<\/p>\n","protected":false},"author":2,"featured_media":43791,"parent":0,"menu_order":0,"comment_status":"closed","ping_status":"closed","template":"","meta":{"footnotes":""},"class_list":["post-41833","page","type-page","status-publish","has-post-thumbnail","hentry"],"yoast_head":"<!-- This site is optimized with the Yoast SEO plugin v27.3 - https:\/\/yoast.com\/product\/yoast-seo-wordpress\/ -->\n<title>Perfume e Marketing sensorial, crie o seu log\u00f3tipo olfactivo<\/title>\n<meta name=\"description\" content=\"Deseja criar la\u00e7os que perdurem com os seus clientes? Deixe-se guiar pelos nossos profissionais em marketing sensorial e crie a sua pr\u00f3pria identidade olfactiva.\" \/>\n<meta name=\"robots\" content=\"index, follow, max-snippet:-1, max-image-preview:large, max-video-preview:-1\" \/>\n<link rel=\"canonical\" href=\"https:\/\/www.natarom.com\/pt-pt\/perfume-e-marketing-sensorial-crie-o-seu-logotipo-olfactivo\/\" \/>\n<meta property=\"og:locale\" content=\"pt_PT\" \/>\n<meta property=\"og:type\" content=\"article\" \/>\n<meta property=\"og:title\" content=\"Perfume e Marketing sensorial, crie o seu log\u00f3tipo olfactivo\" \/>\n<meta property=\"og:description\" content=\"Deseja criar la\u00e7os que perdurem com os seus clientes? Deixe-se guiar pelos nossos profissionais em marketing sensorial e crie a sua pr\u00f3pria identidade olfactiva.\" \/>\n<meta property=\"og:url\" content=\"https:\/\/www.natarom.com\/pt-pt\/perfume-e-marketing-sensorial-crie-o-seu-logotipo-olfactivo\/\" \/>\n<meta property=\"og:site_name\" content=\"Natarom\" \/>\n<meta property=\"article:modified_time\" content=\"2021-11-16T15:49:27+00:00\" \/>\n<meta property=\"og:image\" content=\"https:\/\/www.natarom.com\/wp-content\/uploads\/2022\/02\/Page-SERVICES-Natarom.jpg\" \/>\n\t<meta property=\"og:image:width\" content=\"848\" \/>\n\t<meta property=\"og:image:height\" content=\"354\" \/>\n\t<meta property=\"og:image:type\" content=\"image\/jpeg\" \/>\n<meta name=\"twitter:card\" content=\"summary_large_image\" \/>\n<meta name=\"twitter:label1\" content=\"Tempo estimado de leitura\" \/>\n\t<meta name=\"twitter:data1\" content=\"1 minuto\" \/>\n<script type=\"application\/ld+json\" class=\"yoast-schema-graph\">{\"@context\":\"https:\\\/\\\/schema.org\",\"@graph\":[{\"@type\":\"WebPage\",\"@id\":\"https:\\\/\\\/www.natarom.com\\\/pt-pt\\\/perfume-e-marketing-sensorial-crie-o-seu-logotipo-olfactivo\\\/\",\"url\":\"https:\\\/\\\/www.natarom.com\\\/pt-pt\\\/perfume-e-marketing-sensorial-crie-o-seu-logotipo-olfactivo\\\/\",\"name\":\"Perfume e Marketing sensorial, crie o seu log\u00f3tipo olfactivo\",\"isPartOf\":{\"@id\":\"\\\/#website\"},\"primaryImageOfPage\":{\"@id\":\"https:\\\/\\\/www.natarom.com\\\/pt-pt\\\/perfume-e-marketing-sensorial-crie-o-seu-logotipo-olfactivo\\\/#primaryimage\"},\"image\":{\"@id\":\"https:\\\/\\\/www.natarom.com\\\/pt-pt\\\/perfume-e-marketing-sensorial-crie-o-seu-logotipo-olfactivo\\\/#primaryimage\"},\"thumbnailUrl\":\"https:\\\/\\\/www.natarom.com\\\/wp-content\\\/uploads\\\/2022\\\/02\\\/Page-SERVICES-Natarom.jpg\",\"datePublished\":\"2015-11-10T09:38:50+00:00\",\"dateModified\":\"2021-11-16T15:49:27+00:00\",\"description\":\"Deseja criar la\u00e7os que perdurem com os seus clientes? Deixe-se guiar pelos nossos profissionais em marketing sensorial e crie a sua pr\u00f3pria identidade olfactiva.\",\"breadcrumb\":{\"@id\":\"https:\\\/\\\/www.natarom.com\\\/pt-pt\\\/perfume-e-marketing-sensorial-crie-o-seu-logotipo-olfactivo\\\/#breadcrumb\"},\"inLanguage\":\"pt-PT\",\"potentialAction\":[{\"@type\":\"ReadAction\",\"target\":[\"https:\\\/\\\/www.natarom.com\\\/pt-pt\\\/perfume-e-marketing-sensorial-crie-o-seu-logotipo-olfactivo\\\/\"]}]},{\"@type\":\"ImageObject\",\"inLanguage\":\"pt-PT\",\"@id\":\"https:\\\/\\\/www.natarom.com\\\/pt-pt\\\/perfume-e-marketing-sensorial-crie-o-seu-logotipo-olfactivo\\\/#primaryimage\",\"url\":\"https:\\\/\\\/www.natarom.com\\\/wp-content\\\/uploads\\\/2022\\\/02\\\/Page-SERVICES-Natarom.jpg\",\"contentUrl\":\"https:\\\/\\\/www.natarom.com\\\/wp-content\\\/uploads\\\/2022\\\/02\\\/Page-SERVICES-Natarom.jpg\",\"width\":848,\"height\":354,\"caption\":\"Profitez de notre expertise en marketing sensoriel et offrez \u00e0 vos visiteurs un accueil privil\u00e9gi\u00e9.\"},{\"@type\":\"BreadcrumbList\",\"@id\":\"https:\\\/\\\/www.natarom.com\\\/pt-pt\\\/perfume-e-marketing-sensorial-crie-o-seu-logotipo-olfactivo\\\/#breadcrumb\",\"itemListElement\":[{\"@type\":\"ListItem\",\"position\":1,\"name\":\"Accueil\",\"item\":\"http:\\\/\\\/www.natarom.com\\\/pt-pt\\\/\"},{\"@type\":\"ListItem\",\"position\":2,\"name\":\"Perfume e marketing sensorial, crie o seu log\u00f3tipo olfactivo\"}]},{\"@type\":\"WebSite\",\"@id\":\"\\\/#website\",\"url\":\"\\\/\",\"name\":\"Natarom\",\"description\":\"\",\"publisher\":{\"@id\":\"\\\/#organization\"},\"potentialAction\":[{\"@type\":\"SearchAction\",\"target\":{\"@type\":\"EntryPoint\",\"urlTemplate\":\"\\\/?s={search_term_string}\"},\"query-input\":{\"@type\":\"PropertyValueSpecification\",\"valueRequired\":true,\"valueName\":\"search_term_string\"}}],\"inLanguage\":\"pt-PT\"},{\"@type\":\"Organization\",\"@id\":\"\\\/#organization\",\"name\":\"Natarom\",\"url\":\"\\\/\",\"logo\":{\"@type\":\"ImageObject\",\"inLanguage\":\"pt-PT\",\"@id\":\"\\\/#\\\/schema\\\/logo\\\/image\\\/\",\"url\":\"http:\\\/\\\/www.natarom.com\\\/wp-content\\\/uploads\\\/2020\\\/07\\\/Logo_2019_Natarom-sansBASELINE-e1610620300146.png\",\"contentUrl\":\"http:\\\/\\\/www.natarom.com\\\/wp-content\\\/uploads\\\/2020\\\/07\\\/Logo_2019_Natarom-sansBASELINE-e1610620300146.png\",\"width\":694,\"height\":222,\"caption\":\"Natarom\"},\"image\":{\"@id\":\"\\\/#\\\/schema\\\/logo\\\/image\\\/\"}}]}<\/script>\n<!-- \/ Yoast SEO plugin. -->","yoast_head_json":{"title":"Perfume e Marketing sensorial, crie o seu log\u00f3tipo olfactivo","description":"Deseja criar la\u00e7os que perdurem com os seus clientes? Deixe-se guiar pelos nossos profissionais em marketing sensorial e crie a sua pr\u00f3pria identidade olfactiva.","robots":{"index":"index","follow":"follow","max-snippet":"max-snippet:-1","max-image-preview":"max-image-preview:large","max-video-preview":"max-video-preview:-1"},"canonical":"https:\/\/www.natarom.com\/pt-pt\/perfume-e-marketing-sensorial-crie-o-seu-logotipo-olfactivo\/","og_locale":"pt_PT","og_type":"article","og_title":"Perfume e Marketing sensorial, crie o seu log\u00f3tipo olfactivo","og_description":"Deseja criar la\u00e7os que perdurem com os seus clientes? Deixe-se guiar pelos nossos profissionais em marketing sensorial e crie a sua pr\u00f3pria identidade olfactiva.","og_url":"https:\/\/www.natarom.com\/pt-pt\/perfume-e-marketing-sensorial-crie-o-seu-logotipo-olfactivo\/","og_site_name":"Natarom","article_modified_time":"2021-11-16T15:49:27+00:00","og_image":[{"width":848,"height":354,"url":"https:\/\/www.natarom.com\/wp-content\/uploads\/2022\/02\/Page-SERVICES-Natarom.jpg","type":"image\/jpeg"}],"twitter_card":"summary_large_image","twitter_misc":{"Tempo estimado de leitura":"1 minuto"},"schema":{"@context":"https:\/\/schema.org","@graph":[{"@type":"WebPage","@id":"https:\/\/www.natarom.com\/pt-pt\/perfume-e-marketing-sensorial-crie-o-seu-logotipo-olfactivo\/","url":"https:\/\/www.natarom.com\/pt-pt\/perfume-e-marketing-sensorial-crie-o-seu-logotipo-olfactivo\/","name":"Perfume e Marketing sensorial, crie o seu log\u00f3tipo olfactivo","isPartOf":{"@id":"\/#website"},"primaryImageOfPage":{"@id":"https:\/\/www.natarom.com\/pt-pt\/perfume-e-marketing-sensorial-crie-o-seu-logotipo-olfactivo\/#primaryimage"},"image":{"@id":"https:\/\/www.natarom.com\/pt-pt\/perfume-e-marketing-sensorial-crie-o-seu-logotipo-olfactivo\/#primaryimage"},"thumbnailUrl":"https:\/\/www.natarom.com\/wp-content\/uploads\/2022\/02\/Page-SERVICES-Natarom.jpg","datePublished":"2015-11-10T09:38:50+00:00","dateModified":"2021-11-16T15:49:27+00:00","description":"Deseja criar la\u00e7os que perdurem com os seus clientes? Deixe-se guiar pelos nossos profissionais em marketing sensorial e crie a sua pr\u00f3pria identidade olfactiva.","breadcrumb":{"@id":"https:\/\/www.natarom.com\/pt-pt\/perfume-e-marketing-sensorial-crie-o-seu-logotipo-olfactivo\/#breadcrumb"},"inLanguage":"pt-PT","potentialAction":[{"@type":"ReadAction","target":["https:\/\/www.natarom.com\/pt-pt\/perfume-e-marketing-sensorial-crie-o-seu-logotipo-olfactivo\/"]}]},{"@type":"ImageObject","inLanguage":"pt-PT","@id":"https:\/\/www.natarom.com\/pt-pt\/perfume-e-marketing-sensorial-crie-o-seu-logotipo-olfactivo\/#primaryimage","url":"https:\/\/www.natarom.com\/wp-content\/uploads\/2022\/02\/Page-SERVICES-Natarom.jpg","contentUrl":"https:\/\/www.natarom.com\/wp-content\/uploads\/2022\/02\/Page-SERVICES-Natarom.jpg","width":848,"height":354,"caption":"Profitez de notre expertise en marketing sensoriel et offrez \u00e0 vos visiteurs un accueil privil\u00e9gi\u00e9."},{"@type":"BreadcrumbList","@id":"https:\/\/www.natarom.com\/pt-pt\/perfume-e-marketing-sensorial-crie-o-seu-logotipo-olfactivo\/#breadcrumb","itemListElement":[{"@type":"ListItem","position":1,"name":"Accueil","item":"https:\/\/www.natarom.com\/pt-pt\/"},{"@type":"ListItem","position":2,"name":"Perfume e marketing sensorial, crie o seu log\u00f3tipo olfactivo"}]},{"@type":"WebSite","@id":"\/#website","url":"\/","name":"Natarom","description":"","publisher":{"@id":"\/#organization"},"potentialAction":[{"@type":"SearchAction","target":{"@type":"EntryPoint","urlTemplate":"\/?s={search_term_string}"},"query-input":{"@type":"PropertyValueSpecification","valueRequired":true,"valueName":"search_term_string"}}],"inLanguage":"pt-PT"},{"@type":"Organization","@id":"\/#organization","name":"Natarom","url":"\/","logo":{"@type":"ImageObject","inLanguage":"pt-PT","@id":"\/#\/schema\/logo\/image\/","url":"https:\/\/www.natarom.com\/wp-content\/uploads\/2020\/07\/Logo_2019_Natarom-sansBASELINE-e1610620300146.png","contentUrl":"https:\/\/www.natarom.com\/wp-content\/uploads\/2020\/07\/Logo_2019_Natarom-sansBASELINE-e1610620300146.png","width":694,"height":222,"caption":"Natarom"},"image":{"@id":"\/#\/schema\/logo\/image\/"}}]}},"publishpress_future_action":{"enabled":false,"date":"2026-05-05 18:40:26","action":"change-status","newStatus":"draft","terms":[],"taxonomy":"translation_priority","extraData":[]},"publishpress_future_workflow_manual_trigger":{"enabledWorkflows":[]},"_links":{"self":[{"href":"https:\/\/www.natarom.com\/pt-pt\/wp-json\/wp\/v2\/pages\/41833","targetHints":{"allow":["GET"]}}],"collection":[{"href":"https:\/\/www.natarom.com\/pt-pt\/wp-json\/wp\/v2\/pages"}],"about":[{"href":"https:\/\/www.natarom.com\/pt-pt\/wp-json\/wp\/v2\/types\/page"}],"author":[{"embeddable":true,"href":"https:\/\/www.natarom.com\/pt-pt\/wp-json\/wp\/v2\/users\/2"}],"replies":[{"embeddable":true,"href":"https:\/\/www.natarom.com\/pt-pt\/wp-json\/wp\/v2\/comments?post=41833"}],"version-history":[{"count":3,"href":"https:\/\/www.natarom.com\/pt-pt\/wp-json\/wp\/v2\/pages\/41833\/revisions"}],"predecessor-version":[{"id":41838,"href":"https:\/\/www.natarom.com\/pt-pt\/wp-json\/wp\/v2\/pages\/41833\/revisions\/41838"}],"wp:featuredmedia":[{"embeddable":true,"href":"https:\/\/www.natarom.com\/pt-pt\/wp-json\/wp\/v2\/media\/43791"}],"wp:attachment":[{"href":"https:\/\/www.natarom.com\/pt-pt\/wp-json\/wp\/v2\/media?parent=41833"}],"curies":[{"name":"wp","href":"https:\/\/api.w.org\/{rel}","templated":true}]}}