{"id":41891,"date":"2015-11-10T10:38:38","date_gmt":"2015-11-10T09:38:38","guid":{"rendered":"https:\/\/www.natarom.com\/benefices-de-signature-olfactive\/"},"modified":"2021-11-19T12:55:43","modified_gmt":"2021-11-19T11:55:43","slug":"os-beneficios-da-assinatura-olfactiva","status":"publish","type":"page","link":"https:\/\/www.natarom.com\/pt-pt\/os-beneficios-da-assinatura-olfactiva\/","title":{"rendered":"Os benef\u00edcios da assinatura olfactiva"},"content":{"rendered":"<div class=\"wpb-content-wrapper\"><p>[vc_row][vc_column][vc_column_text]<\/p>\n<h2>A assinatura olfactiva assemelha-se a um log\u00f3tipo ou a um slogan na medida em que cria um clima, fica na mem\u00f3ria e convida os seus visitantes a voltarem.<\/h2>\n<p>A cria\u00e7\u00e3o de <strong>perfumes ambientadores<\/strong> personalizados tornou-se pr\u00e1tica corrente. Por\u00e9m, para ser eficaz, o perfume deve ser minuciosamente escolhido para encaixar na perfei\u00e7\u00e3o com a imagem da empresa, do produto ou da marca que representa.<\/p>\n<p>Enquanto especialistas em marketing olfactivo que somos, participamos em projectos de marketing inovadores e damos assist\u00eancia a marcas ou com\u00e9rcios nas suas iniciativas de comunica\u00e7\u00e3o sensorial.<\/p>\n<h3>A assinatura olfactiva e as suas vantagens<\/h3>\n<p>Em constante evolu\u00e7\u00e3o, este conceito tem-se revelado uma aut\u00eantica ferramenta de diferencia\u00e7\u00e3o face \u00e0 concorr\u00eancia, que tende a ficar-se por modelos de marketing cl\u00e1ssicos. As fragr\u00e2ncias s\u00e3o infinitas, dif\u00edcil ser\u00e1 escolher!<\/p>\n<p>Crie um verdadeiro <strong>sentimento de bem-estar<\/strong> nos seus clientes e reduza os contratempos pontuais (filas de espera, ru\u00eddos incomodativos\u2026).<\/p>\n<p>Ex\u00ba. Difus\u00e3o de perfumes ambientadores num local de venda ou durante um evento.<\/p>\n<p><strong>Optimize as suas vendas<\/strong> gra\u00e7as a uma mensagem olfactiva, criando uma onda positiva e facilitando assim decis\u00e3o e acto de compra.<\/p>\n<p>Ex\u00ba. Cria\u00e7\u00e3o de um perfume original para uma embalagem ou valoriza\u00e7\u00e3o de um cheiro natural de um produto.<\/p>\n<p><strong>Fidelize os seus clientes<\/strong> atrav\u00e9s do poder da mem\u00f3ria olfactiva e deixe uma lembran\u00e7a agrad\u00e1vel da passagem destes pelo seu espa\u00e7o.<\/p>\n<p>Ex\u00ba. Num parque de estacionamento, difus\u00e3o de uma fragr\u00e2ncia relacionada com a sensa\u00e7\u00e3o de limpeza.<\/p>\n<p><strong>Desenvolva a sua imagem<\/strong> e notoriedade gra\u00e7as ao poder de uma fragr\u00e2ncia subtil, \u00fanica e de que todos gostam.<\/p>\n<p>Ex\u00ba. Cria\u00e7\u00e3o de uma identidade \u00edmpar (logotipo olfactivo) para a sua marca ou um dos seus produtos.<\/p>\n<p><em><strong>Sabia disto?<\/strong><\/em> O seu perfume de identidade pode apresentar-se sob v\u00e1rias formas (velas, incensos perfumados, gel de duche\u2026).<\/p>\n<p><span style=\"font-size: 16px;\">[\/vc_column_text][\/vc_column][\/vc_row]<\/span><\/p>\n<\/div>","protected":false},"excerpt":{"rendered":"<p>[vc_row][vc_column][vc_column_text] A assinatura olfactiva assemelha-se a um log\u00f3tipo ou a&#8230;<\/p>\n","protected":false},"author":2,"featured_media":0,"parent":0,"menu_order":0,"comment_status":"closed","ping_status":"closed","template":"","meta":{"footnotes":""},"class_list":["post-41891","page","type-page","status-publish","hentry"],"yoast_head":"<!-- This site is optimized with the Yoast SEO plugin v27.3 - https:\/\/yoast.com\/product\/yoast-seo-wordpress\/ -->\n<title>Os benef\u00edcios da assinatura olfactiva<\/title>\n<meta name=\"description\" content=\"A assinatura olfactiva assemelha-se a um log\u00f3tipo ou a um slogan na medida em que cria um clima, fica na mem\u00f3ria e convida os seus visitantes a voltarem.\" \/>\n<meta name=\"robots\" content=\"index, follow, max-snippet:-1, max-image-preview:large, max-video-preview:-1\" \/>\n<link rel=\"canonical\" href=\"https:\/\/www.natarom.com\/pt-pt\/os-beneficios-da-assinatura-olfactiva\/\" \/>\n<meta property=\"og:locale\" content=\"pt_PT\" \/>\n<meta property=\"og:type\" content=\"article\" \/>\n<meta property=\"og:title\" content=\"Os benef\u00edcios da assinatura olfactiva\" \/>\n<meta property=\"og:description\" content=\"A assinatura olfactiva assemelha-se a um log\u00f3tipo ou a um slogan na medida em que cria um clima, fica na mem\u00f3ria e convida os seus visitantes a voltarem.\" \/>\n<meta property=\"og:url\" content=\"https:\/\/www.natarom.com\/pt-pt\/os-beneficios-da-assinatura-olfactiva\/\" \/>\n<meta property=\"og:site_name\" content=\"Natarom\" \/>\n<meta property=\"article:modified_time\" content=\"2021-11-19T11:55:43+00:00\" \/>\n<meta name=\"twitter:card\" content=\"summary_large_image\" \/>\n<meta name=\"twitter:label1\" content=\"Tempo estimado de leitura\" \/>\n\t<meta name=\"twitter:data1\" content=\"2 minutos\" \/>\n<script type=\"application\/ld+json\" class=\"yoast-schema-graph\">{\"@context\":\"https:\\\/\\\/schema.org\",\"@graph\":[{\"@type\":\"WebPage\",\"@id\":\"https:\\\/\\\/www.natarom.com\\\/pt-pt\\\/os-beneficios-da-assinatura-olfactiva\\\/\",\"url\":\"https:\\\/\\\/www.natarom.com\\\/pt-pt\\\/os-beneficios-da-assinatura-olfactiva\\\/\",\"name\":\"Os benef\u00edcios da assinatura olfactiva\",\"isPartOf\":{\"@id\":\"\\\/#website\"},\"datePublished\":\"2015-11-10T09:38:38+00:00\",\"dateModified\":\"2021-11-19T11:55:43+00:00\",\"description\":\"A assinatura olfactiva assemelha-se a um log\u00f3tipo ou a um slogan na medida em que cria um clima, fica na mem\u00f3ria e convida os seus visitantes a voltarem.\",\"breadcrumb\":{\"@id\":\"https:\\\/\\\/www.natarom.com\\\/pt-pt\\\/os-beneficios-da-assinatura-olfactiva\\\/#breadcrumb\"},\"inLanguage\":\"pt-PT\",\"potentialAction\":[{\"@type\":\"ReadAction\",\"target\":[\"https:\\\/\\\/www.natarom.com\\\/pt-pt\\\/os-beneficios-da-assinatura-olfactiva\\\/\"]}]},{\"@type\":\"BreadcrumbList\",\"@id\":\"https:\\\/\\\/www.natarom.com\\\/pt-pt\\\/os-beneficios-da-assinatura-olfactiva\\\/#breadcrumb\",\"itemListElement\":[{\"@type\":\"ListItem\",\"position\":1,\"name\":\"Accueil\",\"item\":\"http:\\\/\\\/www.natarom.com\\\/pt-pt\\\/\"},{\"@type\":\"ListItem\",\"position\":2,\"name\":\"Os benef\u00edcios da assinatura olfactiva\"}]},{\"@type\":\"WebSite\",\"@id\":\"\\\/#website\",\"url\":\"\\\/\",\"name\":\"Natarom\",\"description\":\"\",\"publisher\":{\"@id\":\"\\\/#organization\"},\"potentialAction\":[{\"@type\":\"SearchAction\",\"target\":{\"@type\":\"EntryPoint\",\"urlTemplate\":\"\\\/?s={search_term_string}\"},\"query-input\":{\"@type\":\"PropertyValueSpecification\",\"valueRequired\":true,\"valueName\":\"search_term_string\"}}],\"inLanguage\":\"pt-PT\"},{\"@type\":\"Organization\",\"@id\":\"\\\/#organization\",\"name\":\"Natarom\",\"url\":\"\\\/\",\"logo\":{\"@type\":\"ImageObject\",\"inLanguage\":\"pt-PT\",\"@id\":\"\\\/#\\\/schema\\\/logo\\\/image\\\/\",\"url\":\"http:\\\/\\\/www.natarom.com\\\/wp-content\\\/uploads\\\/2020\\\/07\\\/Logo_2019_Natarom-sansBASELINE-e1610620300146.png\",\"contentUrl\":\"http:\\\/\\\/www.natarom.com\\\/wp-content\\\/uploads\\\/2020\\\/07\\\/Logo_2019_Natarom-sansBASELINE-e1610620300146.png\",\"width\":694,\"height\":222,\"caption\":\"Natarom\"},\"image\":{\"@id\":\"\\\/#\\\/schema\\\/logo\\\/image\\\/\"}}]}<\/script>\n<!-- \/ Yoast SEO plugin. -->","yoast_head_json":{"title":"Os benef\u00edcios da assinatura olfactiva","description":"A assinatura olfactiva assemelha-se a um log\u00f3tipo ou a um slogan na medida em que cria um clima, fica na mem\u00f3ria e convida os seus visitantes a voltarem.","robots":{"index":"index","follow":"follow","max-snippet":"max-snippet:-1","max-image-preview":"max-image-preview:large","max-video-preview":"max-video-preview:-1"},"canonical":"https:\/\/www.natarom.com\/pt-pt\/os-beneficios-da-assinatura-olfactiva\/","og_locale":"pt_PT","og_type":"article","og_title":"Os benef\u00edcios da assinatura olfactiva","og_description":"A assinatura olfactiva assemelha-se a um log\u00f3tipo ou a um slogan na medida em que cria um clima, fica na mem\u00f3ria e convida os seus visitantes a voltarem.","og_url":"https:\/\/www.natarom.com\/pt-pt\/os-beneficios-da-assinatura-olfactiva\/","og_site_name":"Natarom","article_modified_time":"2021-11-19T11:55:43+00:00","twitter_card":"summary_large_image","twitter_misc":{"Tempo estimado de leitura":"2 minutos"},"schema":{"@context":"https:\/\/schema.org","@graph":[{"@type":"WebPage","@id":"https:\/\/www.natarom.com\/pt-pt\/os-beneficios-da-assinatura-olfactiva\/","url":"https:\/\/www.natarom.com\/pt-pt\/os-beneficios-da-assinatura-olfactiva\/","name":"Os benef\u00edcios da assinatura olfactiva","isPartOf":{"@id":"\/#website"},"datePublished":"2015-11-10T09:38:38+00:00","dateModified":"2021-11-19T11:55:43+00:00","description":"A assinatura olfactiva assemelha-se a um log\u00f3tipo ou a um slogan na medida em que cria um clima, fica na mem\u00f3ria e convida os seus visitantes a voltarem.","breadcrumb":{"@id":"https:\/\/www.natarom.com\/pt-pt\/os-beneficios-da-assinatura-olfactiva\/#breadcrumb"},"inLanguage":"pt-PT","potentialAction":[{"@type":"ReadAction","target":["https:\/\/www.natarom.com\/pt-pt\/os-beneficios-da-assinatura-olfactiva\/"]}]},{"@type":"BreadcrumbList","@id":"https:\/\/www.natarom.com\/pt-pt\/os-beneficios-da-assinatura-olfactiva\/#breadcrumb","itemListElement":[{"@type":"ListItem","position":1,"name":"Accueil","item":"https:\/\/www.natarom.com\/pt-pt\/"},{"@type":"ListItem","position":2,"name":"Os benef\u00edcios da assinatura olfactiva"}]},{"@type":"WebSite","@id":"\/#website","url":"\/","name":"Natarom","description":"","publisher":{"@id":"\/#organization"},"potentialAction":[{"@type":"SearchAction","target":{"@type":"EntryPoint","urlTemplate":"\/?s={search_term_string}"},"query-input":{"@type":"PropertyValueSpecification","valueRequired":true,"valueName":"search_term_string"}}],"inLanguage":"pt-PT"},{"@type":"Organization","@id":"\/#organization","name":"Natarom","url":"\/","logo":{"@type":"ImageObject","inLanguage":"pt-PT","@id":"\/#\/schema\/logo\/image\/","url":"https:\/\/www.natarom.com\/wp-content\/uploads\/2020\/07\/Logo_2019_Natarom-sansBASELINE-e1610620300146.png","contentUrl":"https:\/\/www.natarom.com\/wp-content\/uploads\/2020\/07\/Logo_2019_Natarom-sansBASELINE-e1610620300146.png","width":694,"height":222,"caption":"Natarom"},"image":{"@id":"\/#\/schema\/logo\/image\/"}}]}},"publishpress_future_action":{"enabled":false,"date":"2026-05-05 17:13:19","action":"change-status","newStatus":"draft","terms":[],"taxonomy":"translation_priority","extraData":[]},"publishpress_future_workflow_manual_trigger":{"enabledWorkflows":[]},"_links":{"self":[{"href":"https:\/\/www.natarom.com\/pt-pt\/wp-json\/wp\/v2\/pages\/41891","targetHints":{"allow":["GET"]}}],"collection":[{"href":"https:\/\/www.natarom.com\/pt-pt\/wp-json\/wp\/v2\/pages"}],"about":[{"href":"https:\/\/www.natarom.com\/pt-pt\/wp-json\/wp\/v2\/types\/page"}],"author":[{"embeddable":true,"href":"https:\/\/www.natarom.com\/pt-pt\/wp-json\/wp\/v2\/users\/2"}],"replies":[{"embeddable":true,"href":"https:\/\/www.natarom.com\/pt-pt\/wp-json\/wp\/v2\/comments?post=41891"}],"version-history":[{"count":3,"href":"https:\/\/www.natarom.com\/pt-pt\/wp-json\/wp\/v2\/pages\/41891\/revisions"}],"predecessor-version":[{"id":41902,"href":"https:\/\/www.natarom.com\/pt-pt\/wp-json\/wp\/v2\/pages\/41891\/revisions\/41902"}],"wp:attachment":[{"href":"https:\/\/www.natarom.com\/pt-pt\/wp-json\/wp\/v2\/media?parent=41891"}],"curies":[{"name":"wp","href":"https:\/\/api.w.org\/{rel}","templated":true}]}}