{"id":42046,"date":"2015-11-10T10:38:26","date_gmt":"2015-11-10T09:38:26","guid":{"rendered":"https:\/\/www.natarom.com\/solutions-olfactives-applications-concretes\/"},"modified":"2021-11-23T10:12:42","modified_gmt":"2021-11-23T09:12:42","slug":"solucoes-olfactivas-e-respectivas-aplicacoes-concretas","status":"publish","type":"page","link":"https:\/\/www.natarom.com\/pt-pt\/solucoes-olfactivas-e-respectivas-aplicacoes-concretas\/","title":{"rendered":"Solu\u00e7\u00f5es olfactivas e respectivas aplica\u00e7\u00f5es concretas"},"content":{"rendered":"<div class=\"wpb-content-wrapper\"><p>[vc_row][vc_column][vc_column_text]<\/p>\n<h2>As nossas solu\u00e7\u00f5es olfactivas conferem uma nova dimens\u00e3o sensorial e emocional a todo o tipo de espa\u00e7os!<\/h2>\n<p>[\/vc_column_text][vc_column_text]<\/p>\n<h3>Empresas e espa\u00e7os de escrit\u00f3rios<\/h3>\n<p>As <strong>solu\u00e7\u00f5es olfactivas<\/strong> (perfumes ambientadores) melhoram a atmosfera, reduzem o stresse e criam espa\u00e7os de trabalho e de atendimento onde as pessoas se <strong>sentem bem<\/strong>. Proporcionar aos colaboradores um ambiente de trabalho saud\u00e1vel e agrad\u00e1vel contribui para a realiza\u00e7\u00e3o profissional destes.<\/p>\n<ul>\n<li>Espa\u00e7os de atendimento<\/li>\n<li>Escrit\u00f3rios<\/li>\n<li>Salas de reuni\u00e3o<\/li>\n<li>Salas de descanso<\/li>\n<li>Vestu\u00e1rios, etc.<\/li>\n<\/ul>\n<p>[\/vc_column_text][vc_column_text]<\/p>\n<h3>Espa\u00e7os comerciais<\/h3>\n<p>Uma <strong>fragr\u00e2ncia personalizada<\/strong> cria uma rela\u00e7\u00e3o mais \u00edntima com os visitantes ou os clientes e d\u00e1-lhes vontade de voltar. Se for de qualidade, a assinatura olfactiva \u00e9 harmoniosa com a sua imagem e destaca-o da concorr\u00eancia.<\/p>\n<ul>\n<li>Lojas e galerias comerciais<\/li>\n<li>Sal\u00f5es de cabeleireiro e est\u00e9tica<\/li>\n<li>Bares e restaurantes<\/li>\n<li>Farm\u00e1cias<\/li>\n<li>Showrooms, etc.<\/li>\n<\/ul>\n<p>[\/vc_column_text][vc_posts_slider layout=&#8221;vertical&#8221; categories=&#8221;Espaces Commerciaux&#8221; posttypes=&#8221;post&#8221; desktop=&#8221;2&#8243; notebook=&#8221;2&#8243; tablet=&#8221;2&#8243; phones=&#8221;1&#8243; thumb_size=&#8221;400&#215;200&#8243;][vc_column_text]<\/p>\n<h3>Ag\u00eancias de marketing \/ comunica\u00e7\u00e3o<\/h3>\n<p>Em mat\u00e9ria de <strong>marketing<\/strong>, a <strong>criatividade<\/strong> e o sentido da <strong>inova\u00e7\u00e3o<\/strong> s\u00e3o essenciais. Gra\u00e7as ao marketing olfactivo que agrada pela sua iniciativa original, poder\u00e1 propor aos seus clientes a cria\u00e7\u00e3o de ambientes olfactivos em torno de um produto, de uma marca ou de um evento. As suas campanhas de comunica\u00e7\u00e3o s\u00f3 ficar\u00e3o a ganhar com isso em termos de efic\u00e1cia.<\/p>\n<ul>\n<li>Comunica\u00e7\u00e3o de marca<\/li>\n<li>Lan\u00e7amento de produto, pdv<\/li>\n<li>Promo\u00e7\u00f5es<\/li>\n<li>Organiza\u00e7\u00e3o de eventos, etc.<\/li>\n<\/ul>\n<p>[\/vc_column_text][vc_column_text]<\/p>\n<h3>Espa\u00e7os p\u00fablicos<\/h3>\n<p>A primeira impress\u00e3o \u00e9 essencial, ainda que seja mais <strong>emocional<\/strong> do que racional. No caso dos espa\u00e7os p\u00fablicos (atendimento, espa\u00e7o de conv\u00edvio, servi\u00e7os\u2026), as solu\u00e7\u00f5es olfactivas s\u00e3o todas indicadas para estabelecer a confian\u00e7a e dinamizar a rela\u00e7\u00e3o. D\u00ea vontade aos seus visitantes a vontade de voltarem a visit\u00e1-lo!<\/p>\n<ul>\n<li>Hot\u00e9is<\/li>\n<li>Discotecas, casinos<\/li>\n<li>Museus, parques de lazer<\/li>\n<li>Parques de estacionamento<\/li>\n<li>Salas de espect\u00e1culos, etc.<\/li>\n<\/ul>\n<p>[\/vc_column_text][vc_posts_slider layout=&#8221;vertical&#8221; categories=&#8221;Espaces Publics&#8221; posttypes=&#8221;post&#8221; desktop=&#8221;2&#8243; notebook=&#8221;2&#8243; tablet=&#8221;2&#8243; phones=&#8221;1&#8243; thumb_size=&#8221;400&#215;200&#8243;][vc_column_text el_id=&#8221;sport&#8221;]<\/p>\n<h3>Recintos desportivos, gin\u00e1sios<\/h3>\n<p>As solu\u00e7\u00f5es olfactivas da natarom respondem na perfei\u00e7\u00e3o aos requisitos destes espa\u00e7os onde os clientes tendem a ser incomodados com os cheiros corporais. As fragr\u00e2ncias restabelecem naturalmente uma <strong>atmosfera de bem-estar et de descontrac\u00e7\u00e3o<\/strong>.<\/p>\n<ul>\n<li>Gin\u00e1sios, saunas, banhos turcos, jacuzzis<\/li>\n<li>Centros de beleza e sol\u00e1rios<\/li>\n<li>Estabelecimentos de talassoterapia<\/li>\n<li>Salas de desporto e vestu\u00e1rios, etc.<\/li>\n<\/ul>\n<p>[\/vc_column_text][vc_posts_slider layout=&#8221;vertical&#8221; categories=&#8221;salles de sport&#8221; posttypes=&#8221;post&#8221; desktop=&#8221;2&#8243; notebook=&#8221;2&#8243; tablet=&#8221;2&#8243; phones=&#8221;1&#8243; thumb_size=&#8221;400&#215;200&#8243;][vc_column_text]<\/p>\n<h3>Ambiente param\u00e9dico<\/h3>\n<p>Trata-se de espa\u00e7os que necessitam de uma ac\u00e7\u00e3o olfactiva para gerir estados de mal-estar, situa\u00e7\u00f5es de stress, cheiros cl\u00ednicos\u2026 a difus\u00e3o de odores frescos e relaxantes recria uma <strong>atmosfera de conforto<\/strong> e torna estes espa\u00e7os mais conviviais e agrad\u00e1veis.<\/p>\n<ul>\n<li>Lares de 3\u00aa idade<\/li>\n<li>Laborat\u00f3rios de an\u00e1lises cl\u00ednicas<\/li>\n<li>Consult\u00f3rios m\u00e9dicos<\/li>\n<li>Cl\u00ednicas veterin\u00e1rias, etc.<\/li>\n<\/ul>\n<p>[\/vc_column_text][\/vc_column][\/vc_row]<\/p>\n<\/div>","protected":false},"excerpt":{"rendered":"<p>[vc_row][vc_column][vc_column_text] As nossas solu\u00e7\u00f5es olfactivas conferem uma nova dimens\u00e3o sensorial&#8230;<\/p>\n","protected":false},"author":2,"featured_media":57695,"parent":0,"menu_order":0,"comment_status":"closed","ping_status":"closed","template":"","meta":{"footnotes":""},"class_list":["post-42046","page","type-page","status-publish","has-post-thumbnail","hentry"],"yoast_head":"<!-- This site is optimized with the Yoast SEO plugin v27.3 - https:\/\/yoast.com\/product\/yoast-seo-wordpress\/ -->\n<title>Solu\u00e7\u00f5es olfactivas e respectivas aplica\u00e7\u00f5es concretas<\/title>\n<meta name=\"description\" content=\"As nossas solu\u00e7\u00f5es olfactivas conferem uma nova dimens\u00e3o sensorial e emocional a todo o tipo de espa\u00e7os!\" \/>\n<meta name=\"robots\" content=\"index, follow, max-snippet:-1, max-image-preview:large, max-video-preview:-1\" \/>\n<link rel=\"canonical\" href=\"https:\/\/www.natarom.com\/pt-pt\/solucoes-olfactivas-e-respectivas-aplicacoes-concretas\/\" \/>\n<meta property=\"og:locale\" content=\"pt_PT\" \/>\n<meta property=\"og:type\" content=\"article\" \/>\n<meta property=\"og:title\" content=\"Solu\u00e7\u00f5es olfactivas e respectivas aplica\u00e7\u00f5es concretas\" \/>\n<meta property=\"og:description\" content=\"As nossas solu\u00e7\u00f5es olfactivas conferem uma nova dimens\u00e3o sensorial e emocional a todo o tipo de espa\u00e7os!\" \/>\n<meta property=\"og:url\" content=\"https:\/\/www.natarom.com\/pt-pt\/solucoes-olfactivas-e-respectivas-aplicacoes-concretas\/\" \/>\n<meta property=\"og:site_name\" content=\"Natarom\" \/>\n<meta property=\"article:modified_time\" content=\"2021-11-23T09:12:42+00:00\" \/>\n<meta property=\"og:image\" content=\"https:\/\/www.natarom.com\/wp-content\/uploads\/2023\/11\/2023_capilla_5.jpg\" \/>\n\t<meta property=\"og:image:width\" content=\"1920\" \/>\n\t<meta property=\"og:image:height\" content=\"1280\" \/>\n\t<meta property=\"og:image:type\" content=\"image\/jpeg\" \/>\n<meta name=\"twitter:card\" content=\"summary_large_image\" \/>\n<meta name=\"twitter:label1\" content=\"Tempo estimado de leitura\" \/>\n\t<meta name=\"twitter:data1\" content=\"2 minutos\" \/>\n<script type=\"application\/ld+json\" class=\"yoast-schema-graph\">{\"@context\":\"https:\\\/\\\/schema.org\",\"@graph\":[{\"@type\":\"WebPage\",\"@id\":\"https:\\\/\\\/www.natarom.com\\\/pt-pt\\\/solucoes-olfactivas-e-respectivas-aplicacoes-concretas\\\/\",\"url\":\"https:\\\/\\\/www.natarom.com\\\/pt-pt\\\/solucoes-olfactivas-e-respectivas-aplicacoes-concretas\\\/\",\"name\":\"Solu\u00e7\u00f5es olfactivas e respectivas aplica\u00e7\u00f5es concretas\",\"isPartOf\":{\"@id\":\"\\\/#website\"},\"primaryImageOfPage\":{\"@id\":\"https:\\\/\\\/www.natarom.com\\\/pt-pt\\\/solucoes-olfactivas-e-respectivas-aplicacoes-concretas\\\/#primaryimage\"},\"image\":{\"@id\":\"https:\\\/\\\/www.natarom.com\\\/pt-pt\\\/solucoes-olfactivas-e-respectivas-aplicacoes-concretas\\\/#primaryimage\"},\"thumbnailUrl\":\"https:\\\/\\\/www.natarom.com\\\/wp-content\\\/uploads\\\/2023\\\/11\\\/2023_capilla_5.jpg\",\"datePublished\":\"2015-11-10T09:38:26+00:00\",\"dateModified\":\"2021-11-23T09:12:42+00:00\",\"description\":\"As nossas solu\u00e7\u00f5es olfactivas conferem uma nova dimens\u00e3o sensorial e emocional a todo o tipo de espa\u00e7os!\",\"breadcrumb\":{\"@id\":\"https:\\\/\\\/www.natarom.com\\\/pt-pt\\\/solucoes-olfactivas-e-respectivas-aplicacoes-concretas\\\/#breadcrumb\"},\"inLanguage\":\"pt-PT\",\"potentialAction\":[{\"@type\":\"ReadAction\",\"target\":[\"https:\\\/\\\/www.natarom.com\\\/pt-pt\\\/solucoes-olfactivas-e-respectivas-aplicacoes-concretas\\\/\"]}]},{\"@type\":\"ImageObject\",\"inLanguage\":\"pt-PT\",\"@id\":\"https:\\\/\\\/www.natarom.com\\\/pt-pt\\\/solucoes-olfactivas-e-respectivas-aplicacoes-concretas\\\/#primaryimage\",\"url\":\"https:\\\/\\\/www.natarom.com\\\/wp-content\\\/uploads\\\/2023\\\/11\\\/2023_capilla_5.jpg\",\"contentUrl\":\"https:\\\/\\\/www.natarom.com\\\/wp-content\\\/uploads\\\/2023\\\/11\\\/2023_capilla_5.jpg\",\"width\":1920,\"height\":1280},{\"@type\":\"BreadcrumbList\",\"@id\":\"https:\\\/\\\/www.natarom.com\\\/pt-pt\\\/solucoes-olfactivas-e-respectivas-aplicacoes-concretas\\\/#breadcrumb\",\"itemListElement\":[{\"@type\":\"ListItem\",\"position\":1,\"name\":\"Accueil\",\"item\":\"http:\\\/\\\/www.natarom.com\\\/pt-pt\\\/\"},{\"@type\":\"ListItem\",\"position\":2,\"name\":\"Solu\u00e7\u00f5es olfactivas e respectivas aplica\u00e7\u00f5es concretas\"}]},{\"@type\":\"WebSite\",\"@id\":\"\\\/#website\",\"url\":\"\\\/\",\"name\":\"Natarom\",\"description\":\"\",\"publisher\":{\"@id\":\"\\\/#organization\"},\"potentialAction\":[{\"@type\":\"SearchAction\",\"target\":{\"@type\":\"EntryPoint\",\"urlTemplate\":\"\\\/?s={search_term_string}\"},\"query-input\":{\"@type\":\"PropertyValueSpecification\",\"valueRequired\":true,\"valueName\":\"search_term_string\"}}],\"inLanguage\":\"pt-PT\"},{\"@type\":\"Organization\",\"@id\":\"\\\/#organization\",\"name\":\"Natarom\",\"url\":\"\\\/\",\"logo\":{\"@type\":\"ImageObject\",\"inLanguage\":\"pt-PT\",\"@id\":\"\\\/#\\\/schema\\\/logo\\\/image\\\/\",\"url\":\"http:\\\/\\\/www.natarom.com\\\/wp-content\\\/uploads\\\/2020\\\/07\\\/Logo_2019_Natarom-sansBASELINE-e1610620300146.png\",\"contentUrl\":\"http:\\\/\\\/www.natarom.com\\\/wp-content\\\/uploads\\\/2020\\\/07\\\/Logo_2019_Natarom-sansBASELINE-e1610620300146.png\",\"width\":694,\"height\":222,\"caption\":\"Natarom\"},\"image\":{\"@id\":\"\\\/#\\\/schema\\\/logo\\\/image\\\/\"}}]}<\/script>\n<!-- \/ Yoast SEO plugin. -->","yoast_head_json":{"title":"Solu\u00e7\u00f5es olfactivas e respectivas aplica\u00e7\u00f5es concretas","description":"As nossas solu\u00e7\u00f5es olfactivas conferem uma nova dimens\u00e3o sensorial e emocional a todo o tipo de espa\u00e7os!","robots":{"index":"index","follow":"follow","max-snippet":"max-snippet:-1","max-image-preview":"max-image-preview:large","max-video-preview":"max-video-preview:-1"},"canonical":"https:\/\/www.natarom.com\/pt-pt\/solucoes-olfactivas-e-respectivas-aplicacoes-concretas\/","og_locale":"pt_PT","og_type":"article","og_title":"Solu\u00e7\u00f5es olfactivas e respectivas aplica\u00e7\u00f5es concretas","og_description":"As nossas solu\u00e7\u00f5es olfactivas conferem uma nova dimens\u00e3o sensorial e emocional a todo o tipo de espa\u00e7os!","og_url":"https:\/\/www.natarom.com\/pt-pt\/solucoes-olfactivas-e-respectivas-aplicacoes-concretas\/","og_site_name":"Natarom","article_modified_time":"2021-11-23T09:12:42+00:00","og_image":[{"width":1920,"height":1280,"url":"https:\/\/www.natarom.com\/wp-content\/uploads\/2023\/11\/2023_capilla_5.jpg","type":"image\/jpeg"}],"twitter_card":"summary_large_image","twitter_misc":{"Tempo estimado de leitura":"2 minutos"},"schema":{"@context":"https:\/\/schema.org","@graph":[{"@type":"WebPage","@id":"https:\/\/www.natarom.com\/pt-pt\/solucoes-olfactivas-e-respectivas-aplicacoes-concretas\/","url":"https:\/\/www.natarom.com\/pt-pt\/solucoes-olfactivas-e-respectivas-aplicacoes-concretas\/","name":"Solu\u00e7\u00f5es olfactivas e respectivas aplica\u00e7\u00f5es concretas","isPartOf":{"@id":"\/#website"},"primaryImageOfPage":{"@id":"https:\/\/www.natarom.com\/pt-pt\/solucoes-olfactivas-e-respectivas-aplicacoes-concretas\/#primaryimage"},"image":{"@id":"https:\/\/www.natarom.com\/pt-pt\/solucoes-olfactivas-e-respectivas-aplicacoes-concretas\/#primaryimage"},"thumbnailUrl":"https:\/\/www.natarom.com\/wp-content\/uploads\/2023\/11\/2023_capilla_5.jpg","datePublished":"2015-11-10T09:38:26+00:00","dateModified":"2021-11-23T09:12:42+00:00","description":"As nossas solu\u00e7\u00f5es olfactivas conferem uma nova dimens\u00e3o sensorial e emocional a todo o tipo de espa\u00e7os!","breadcrumb":{"@id":"https:\/\/www.natarom.com\/pt-pt\/solucoes-olfactivas-e-respectivas-aplicacoes-concretas\/#breadcrumb"},"inLanguage":"pt-PT","potentialAction":[{"@type":"ReadAction","target":["https:\/\/www.natarom.com\/pt-pt\/solucoes-olfactivas-e-respectivas-aplicacoes-concretas\/"]}]},{"@type":"ImageObject","inLanguage":"pt-PT","@id":"https:\/\/www.natarom.com\/pt-pt\/solucoes-olfactivas-e-respectivas-aplicacoes-concretas\/#primaryimage","url":"https:\/\/www.natarom.com\/wp-content\/uploads\/2023\/11\/2023_capilla_5.jpg","contentUrl":"https:\/\/www.natarom.com\/wp-content\/uploads\/2023\/11\/2023_capilla_5.jpg","width":1920,"height":1280},{"@type":"BreadcrumbList","@id":"https:\/\/www.natarom.com\/pt-pt\/solucoes-olfactivas-e-respectivas-aplicacoes-concretas\/#breadcrumb","itemListElement":[{"@type":"ListItem","position":1,"name":"Accueil","item":"https:\/\/www.natarom.com\/pt-pt\/"},{"@type":"ListItem","position":2,"name":"Solu\u00e7\u00f5es olfactivas e respectivas aplica\u00e7\u00f5es concretas"}]},{"@type":"WebSite","@id":"\/#website","url":"\/","name":"Natarom","description":"","publisher":{"@id":"\/#organization"},"potentialAction":[{"@type":"SearchAction","target":{"@type":"EntryPoint","urlTemplate":"\/?s={search_term_string}"},"query-input":{"@type":"PropertyValueSpecification","valueRequired":true,"valueName":"search_term_string"}}],"inLanguage":"pt-PT"},{"@type":"Organization","@id":"\/#organization","name":"Natarom","url":"\/","logo":{"@type":"ImageObject","inLanguage":"pt-PT","@id":"\/#\/schema\/logo\/image\/","url":"https:\/\/www.natarom.com\/wp-content\/uploads\/2020\/07\/Logo_2019_Natarom-sansBASELINE-e1610620300146.png","contentUrl":"https:\/\/www.natarom.com\/wp-content\/uploads\/2020\/07\/Logo_2019_Natarom-sansBASELINE-e1610620300146.png","width":694,"height":222,"caption":"Natarom"},"image":{"@id":"\/#\/schema\/logo\/image\/"}}]}},"publishpress_future_action":{"enabled":false,"date":"2026-04-25 05:09:17","action":"change-status","newStatus":"draft","terms":[],"taxonomy":"translation_priority","extraData":[]},"publishpress_future_workflow_manual_trigger":{"enabledWorkflows":[]},"_links":{"self":[{"href":"https:\/\/www.natarom.com\/pt-pt\/wp-json\/wp\/v2\/pages\/42046","targetHints":{"allow":["GET"]}}],"collection":[{"href":"https:\/\/www.natarom.com\/pt-pt\/wp-json\/wp\/v2\/pages"}],"about":[{"href":"https:\/\/www.natarom.com\/pt-pt\/wp-json\/wp\/v2\/types\/page"}],"author":[{"embeddable":true,"href":"https:\/\/www.natarom.com\/pt-pt\/wp-json\/wp\/v2\/users\/2"}],"replies":[{"embeddable":true,"href":"https:\/\/www.natarom.com\/pt-pt\/wp-json\/wp\/v2\/comments?post=42046"}],"version-history":[{"count":4,"href":"https:\/\/www.natarom.com\/pt-pt\/wp-json\/wp\/v2\/pages\/42046\/revisions"}],"predecessor-version":[{"id":42057,"href":"https:\/\/www.natarom.com\/pt-pt\/wp-json\/wp\/v2\/pages\/42046\/revisions\/42057"}],"wp:featuredmedia":[{"embeddable":true,"href":"https:\/\/www.natarom.com\/pt-pt\/wp-json\/wp\/v2\/media\/57695"}],"wp:attachment":[{"href":"https:\/\/www.natarom.com\/pt-pt\/wp-json\/wp\/v2\/media?parent=42046"}],"curies":[{"name":"wp","href":"https:\/\/api.w.org\/{rel}","templated":true}]}}