{"id":42059,"date":"2015-11-10T10:39:01","date_gmt":"2015-11-10T09:39:01","guid":{"rendered":"https:\/\/www.natarom.com\/un-diffuseur-de-parfum-pour-votre-espace\/"},"modified":"2021-11-23T10:46:42","modified_gmt":"2021-11-23T09:46:42","slug":"um-difusor-de-perfume-para-o-seu-espaco","status":"publish","type":"page","link":"https:\/\/www.natarom.com\/pt-pt\/um-difusor-de-perfume-para-o-seu-espaco\/","title":{"rendered":"Um difusor de perfume para o seu espa\u00e7o"},"content":{"rendered":"<div class=\"wpb-content-wrapper\"><p>[vc_row][vc_column][vc_column_text]<\/p>\n<h2>A qualidade do difusor de perfume garante a difus\u00e3o de uma atmosfera olfactiva nas melhores condi\u00e7\u00f5es.<\/h2>\n<p>Tendo em conta as diversas aplica\u00e7\u00f5es do marketing olfactivo, oferecemos uma ampla gama de difusores de perfume.\u00a0A natarom\u00a0prop\u00f5e\u00a0difusores compactos aut\u00f3nomos\u00a0para uma difus\u00e3o absolutamente discreta e sistemas mais elaborados nomeadamente\u00a0centrais de difus\u00e3o.<\/p>\n<p>Em complemento da difus\u00e3o de perfume ou de \u00f3leos essenciais, os difusores de perfumes s\u00e3o \u00f3ptimos na medida em que criam ambientes olfactivos (marketing produto, anima\u00e7\u00e3o olfactiva, universo de bem-estar\u2026).<\/p>\n<p>A natarom prop\u00f5e aparelhos compactos e aut\u00f3nomos que se adaptam a todo o tipo de superf\u00edcie sem instala\u00e7\u00e3o dissimulada. A gama das centrais de difus\u00e3o destina-se aos espa\u00e7os que requeiram capacidades de difus\u00e3o importantes (m\u00e9dias e grandes superf\u00edcies) e configura\u00e7\u00f5es especiais de locais (s\u00edtios com andares, salas m\u00faltiplas\u2026).<br \/>\nA difus\u00e3o dos perfumes ou dos \u00f3leos essenciais \u00e9 feita por meio de uma rede de climatiza\u00e7\u00e3o, de forma totalmente discreta, em gest\u00e3o centralizada com capacidade para 1 at\u00e9 10 pontos de difus\u00e3o.<\/p>\n<h3>Os aparelhos compactos aut\u00f3nomos<\/h3>\n<h4>O difusor decoscent<\/h4>\n<p>Em complemento da difus\u00e3o de perfume ou de \u00f3leos essenciais, o decoscent distingue-se pela sua est\u00e9tica, acabando por ser muito atractivo para a cria\u00e7\u00e3o de ambientes olfactivos\u00a0(marketing produto, anima\u00e7\u00e3o olfactiva, universo de bem-estar\u2026) sem instala\u00e7\u00e3o dissimulada.<\/p>\n<h4>O difusor newscent<\/h4>\n<p>Pode difundir perfumes ou \u00f3leos essenciais e \u00e9 \u00f3ptimo para a\u00a0cria\u00e7\u00e3o de ambientes olfactivos\u00a0(marketing produto, anima\u00e7\u00e3o olfactiva, universo de bem-estar\u2026).<\/p>\n<h4>O difusor z\u00e9phyr<\/h4>\n<p>Difunde perfumes ou \u00f3leos essenciais e \u00e9 \u00f3ptimo para criar ambientes olfactivos de\u00a0todas as superf\u00edcies\u00a0(assinatura olfactiva de marca, marketing produto, anima\u00e7\u00e3o olfactiva, universo de bem-estar\u2026). Difusor program\u00e1vel consoante a superf\u00edcie que se queira odorizar.<\/p>\n<p>[\/vc_column_text][\/vc_column][vc_column width=&#8221;1\/3&#8243;][vc_gallery type=&#8221;nivo&#8221; interval=&#8221;0&#8243; images=&#8221;40597,40594,40384,40366,40387&#8243; onclick=&#8221;custom_link&#8221; img_size=&#8221;medium&#8221; custom_links=&#8221;https:\/\/www.natarom.com\/product-category\/diffuseurs\/&#8221;][\/vc_column][\/vc_row][vc_row][vc_column][vc_empty_space][\/vc_column][\/vc_row][vc_row equal_height=&#8221;yes&#8221; content_placement=&#8221;middle&#8221;][vc_column width=&#8221;2\/3&#8243;][vc_column_text]<\/p>\n<h3>As centrais de difus\u00e3o<\/h3>\n<h4>Modul\u2019air<\/h4>\n<p>Esta gama destina-se a espa\u00e7os que requeiram capacidades de difus\u00e3o importantes (m\u00e9dias e grandes superf\u00edcies) e configura\u00e7\u00f5es concretas de locais\u00a0(s\u00edtios com andares, salas m\u00faltiplas\u2026).<br \/>\nA difus\u00e3o dos perfumes ou dos \u00f3leos essenciais \u00e9 feita por meio de uma rede de climatiza\u00e7\u00e3o, em gest\u00e3o centralizada com capacidade para 1 at\u00e9 10 pontos de difus\u00e3o.<\/p>\n<h4>Modul\u2019air mini<\/h4>\n<p>Ideal para criar ambientes olfactivos e uma difus\u00e3o absolutamente discreta e n\u00e3o invasiva. Permite perfumar at\u00e9 2 divis\u00f5es de tamanho m\u00e9dio.<\/p>\n<p>[\/vc_column_text][\/vc_column][vc_column width=&#8221;1\/3&#8243;][vc_gallery type=&#8221;nivo&#8221; interval=&#8221;0&#8243; images=&#8221;40348,40333,40339,40456,40447,40465&#8243; img_size=&#8221;medium&#8221;][\/vc_column][\/vc_row][vc_row equal_height=&#8221;yes&#8221; content_placement=&#8221;middle&#8221;][vc_column width=&#8221;1\/12&#8243;][\/vc_column][vc_column width=&#8221;5\/6&#8243;][vc_column_text]<\/p>\n<h3 style=\"text-align: left;\">e-Shop<\/h3>\n<p>[\/vc_column_text]<div class=\"woocommerce columns-2\"><div class=\"row products-loop products-grid row-count-2 columns-2\">\r\n<div class=\"col-lg-3 col-md-6 category-grid product-category product first\">\r\n\t<a aria-label=\"Visit product category Diffuseurs\" href=\"https:\/\/www.natarom.com\/product-category\/diffuseurs\/\">\r\n\t<a href=\"https:\/\/www.natarom.com\/product-category\/diffuseurs\/\">\r\n\r\n\t\t<img decoding=\"async\" src=\"https:\/\/www.natarom.com\/wp-content\/uploads\/2021\/01\/Sommaire-boutique_Diffuseur_2-300x300.png\" alt=\"Diffuseurs\" width=\"300\" height=\"300\" srcset=\"https:\/\/www.natarom.com\/wp-content\/uploads\/2021\/01\/Sommaire-boutique_Diffuseur_2-300x300.png 300w, https:\/\/www.natarom.com\/wp-content\/uploads\/2021\/01\/Sommaire-boutique_Diffuseur_2-150x150.png 150w, https:\/\/www.natarom.com\/wp-content\/uploads\/2021\/01\/Sommaire-boutique_Diffuseur_2-768x768.png 768w, https:\/\/www.natarom.com\/wp-content\/uploads\/2021\/01\/Sommaire-boutique_Diffuseur_2-600x600.png 600w, https:\/\/www.natarom.com\/wp-content\/uploads\/2021\/01\/Sommaire-boutique_Diffuseur_2-100x100.png 100w, https:\/\/www.natarom.com\/wp-content\/uploads\/2021\/01\/Sommaire-boutique_Diffuseur_2.png 1000w\" sizes=\"(max-width: 300px) 100vw, 300px\" \/>\t\t<div class=\"categories-mask\">\r\n\t\t\t<span>Category<\/span>\r\n\t\t\t<h4>Diffuseurs<\/h4>\r\n\t\t\t\t\t\t<span class=\"more\">Read More<\/span>\r\n\t\t<\/div>\r\n\r\n\r\n\t<\/a>\r\n\r\n\t<\/a>\r\n<\/div><\/div> <!-- .row --><\/div>[\/vc_column][\/vc_row]<\/p>\n<\/div>","protected":false},"excerpt":{"rendered":"<p>[vc_row][vc_column][vc_column_text] A qualidade do difusor de perfume garante a difus\u00e3o&#8230;<\/p>\n","protected":false},"author":2,"featured_media":0,"parent":0,"menu_order":0,"comment_status":"closed","ping_status":"closed","template":"","meta":{"footnotes":""},"class_list":["post-42059","page","type-page","status-publish","hentry"],"yoast_head":"<!-- This site is optimized with the Yoast SEO plugin v27.3 - https:\/\/yoast.com\/product\/yoast-seo-wordpress\/ -->\n<title>Um difusor de perfume para o seu espa\u00e7o<\/title>\n<meta name=\"description\" content=\"A qualidade do difusor de perfume garante a difus\u00e3o de uma atmosfera olfactiva nas melhores condi\u00e7\u00f5es.Tendo em conta as diversas aplica\u00e7\u00f5es do marketing olfactivo, oferecemos uma ampla gama de difusores de perfume.\u00a0A natarom\u00a0prop\u00f5e\u00a0difusores compactos aut\u00f3nomos\u00a0para uma difus\u00e3o absolutamente discreta e sistemas mais elaborados nomeadamente\u00a0centrais de difus\u00e3o.\" \/>\n<meta name=\"robots\" content=\"index, follow, max-snippet:-1, max-image-preview:large, max-video-preview:-1\" \/>\n<link rel=\"canonical\" href=\"https:\/\/www.natarom.com\/pt-pt\/um-difusor-de-perfume-para-o-seu-espaco\/\" \/>\n<meta property=\"og:locale\" content=\"pt_PT\" \/>\n<meta property=\"og:type\" content=\"article\" \/>\n<meta property=\"og:title\" content=\"Um difusor de perfume para o seu espa\u00e7o\" \/>\n<meta property=\"og:description\" content=\"A qualidade do difusor de perfume garante a difus\u00e3o de uma atmosfera olfactiva nas melhores condi\u00e7\u00f5es.Tendo em conta as diversas aplica\u00e7\u00f5es do marketing olfactivo, oferecemos uma ampla gama de difusores de perfume.\u00a0A natarom\u00a0prop\u00f5e\u00a0difusores compactos aut\u00f3nomos\u00a0para uma difus\u00e3o absolutamente discreta e sistemas mais elaborados nomeadamente\u00a0centrais de difus\u00e3o.\" \/>\n<meta property=\"og:url\" content=\"https:\/\/www.natarom.com\/pt-pt\/um-difusor-de-perfume-para-o-seu-espaco\/\" \/>\n<meta property=\"og:site_name\" content=\"Natarom\" \/>\n<meta property=\"article:modified_time\" content=\"2021-11-23T09:46:42+00:00\" \/>\n<meta name=\"twitter:card\" content=\"summary_large_image\" \/>\n<meta name=\"twitter:label1\" content=\"Tempo estimado de leitura\" \/>\n\t<meta name=\"twitter:data1\" content=\"2 minutos\" \/>\n<script type=\"application\/ld+json\" class=\"yoast-schema-graph\">{\"@context\":\"https:\\\/\\\/schema.org\",\"@graph\":[{\"@type\":\"WebPage\",\"@id\":\"https:\\\/\\\/www.natarom.com\\\/pt-pt\\\/um-difusor-de-perfume-para-o-seu-espaco\\\/\",\"url\":\"https:\\\/\\\/www.natarom.com\\\/pt-pt\\\/um-difusor-de-perfume-para-o-seu-espaco\\\/\",\"name\":\"Um difusor de perfume para o seu espa\u00e7o\",\"isPartOf\":{\"@id\":\"\\\/#website\"},\"datePublished\":\"2015-11-10T09:39:01+00:00\",\"dateModified\":\"2021-11-23T09:46:42+00:00\",\"description\":\"A qualidade do difusor de perfume garante a difus\u00e3o de uma atmosfera olfactiva nas melhores condi\u00e7\u00f5es.Tendo em conta as diversas aplica\u00e7\u00f5es do marketing olfactivo, oferecemos uma ampla gama de difusores de perfume.\u00a0A natarom\u00a0prop\u00f5e\u00a0difusores compactos aut\u00f3nomos\u00a0para uma difus\u00e3o absolutamente discreta e sistemas mais elaborados nomeadamente\u00a0centrais de difus\u00e3o.\",\"breadcrumb\":{\"@id\":\"https:\\\/\\\/www.natarom.com\\\/pt-pt\\\/um-difusor-de-perfume-para-o-seu-espaco\\\/#breadcrumb\"},\"inLanguage\":\"pt-PT\",\"potentialAction\":[{\"@type\":\"ReadAction\",\"target\":[\"https:\\\/\\\/www.natarom.com\\\/pt-pt\\\/um-difusor-de-perfume-para-o-seu-espaco\\\/\"]}]},{\"@type\":\"BreadcrumbList\",\"@id\":\"https:\\\/\\\/www.natarom.com\\\/pt-pt\\\/um-difusor-de-perfume-para-o-seu-espaco\\\/#breadcrumb\",\"itemListElement\":[{\"@type\":\"ListItem\",\"position\":1,\"name\":\"Accueil\",\"item\":\"http:\\\/\\\/www.natarom.com\\\/pt-pt\\\/\"},{\"@type\":\"ListItem\",\"position\":2,\"name\":\"Um difusor de perfume para o seu espa\u00e7o\"}]},{\"@type\":\"WebSite\",\"@id\":\"\\\/#website\",\"url\":\"\\\/\",\"name\":\"Natarom\",\"description\":\"\",\"publisher\":{\"@id\":\"\\\/#organization\"},\"potentialAction\":[{\"@type\":\"SearchAction\",\"target\":{\"@type\":\"EntryPoint\",\"urlTemplate\":\"\\\/?s={search_term_string}\"},\"query-input\":{\"@type\":\"PropertyValueSpecification\",\"valueRequired\":true,\"valueName\":\"search_term_string\"}}],\"inLanguage\":\"pt-PT\"},{\"@type\":\"Organization\",\"@id\":\"\\\/#organization\",\"name\":\"Natarom\",\"url\":\"\\\/\",\"logo\":{\"@type\":\"ImageObject\",\"inLanguage\":\"pt-PT\",\"@id\":\"\\\/#\\\/schema\\\/logo\\\/image\\\/\",\"url\":\"http:\\\/\\\/www.natarom.com\\\/wp-content\\\/uploads\\\/2020\\\/07\\\/Logo_2019_Natarom-sansBASELINE-e1610620300146.png\",\"contentUrl\":\"http:\\\/\\\/www.natarom.com\\\/wp-content\\\/uploads\\\/2020\\\/07\\\/Logo_2019_Natarom-sansBASELINE-e1610620300146.png\",\"width\":694,\"height\":222,\"caption\":\"Natarom\"},\"image\":{\"@id\":\"\\\/#\\\/schema\\\/logo\\\/image\\\/\"}}]}<\/script>\n<!-- \/ Yoast SEO plugin. -->","yoast_head_json":{"title":"Um difusor de perfume para o seu espa\u00e7o","description":"A qualidade do difusor de perfume garante a difus\u00e3o de uma atmosfera olfactiva nas melhores condi\u00e7\u00f5es.Tendo em conta as diversas aplica\u00e7\u00f5es do marketing olfactivo, oferecemos uma ampla gama de difusores de perfume.\u00a0A natarom\u00a0prop\u00f5e\u00a0difusores compactos aut\u00f3nomos\u00a0para uma difus\u00e3o absolutamente discreta e sistemas mais elaborados nomeadamente\u00a0centrais de difus\u00e3o.","robots":{"index":"index","follow":"follow","max-snippet":"max-snippet:-1","max-image-preview":"max-image-preview:large","max-video-preview":"max-video-preview:-1"},"canonical":"https:\/\/www.natarom.com\/pt-pt\/um-difusor-de-perfume-para-o-seu-espaco\/","og_locale":"pt_PT","og_type":"article","og_title":"Um difusor de perfume para o seu espa\u00e7o","og_description":"A qualidade do difusor de perfume garante a difus\u00e3o de uma atmosfera olfactiva nas melhores condi\u00e7\u00f5es.Tendo em conta as diversas aplica\u00e7\u00f5es do marketing olfactivo, oferecemos uma ampla gama de difusores de perfume.\u00a0A natarom\u00a0prop\u00f5e\u00a0difusores compactos aut\u00f3nomos\u00a0para uma difus\u00e3o absolutamente discreta e sistemas mais elaborados nomeadamente\u00a0centrais de difus\u00e3o.","og_url":"https:\/\/www.natarom.com\/pt-pt\/um-difusor-de-perfume-para-o-seu-espaco\/","og_site_name":"Natarom","article_modified_time":"2021-11-23T09:46:42+00:00","twitter_card":"summary_large_image","twitter_misc":{"Tempo estimado de leitura":"2 minutos"},"schema":{"@context":"https:\/\/schema.org","@graph":[{"@type":"WebPage","@id":"https:\/\/www.natarom.com\/pt-pt\/um-difusor-de-perfume-para-o-seu-espaco\/","url":"https:\/\/www.natarom.com\/pt-pt\/um-difusor-de-perfume-para-o-seu-espaco\/","name":"Um difusor de perfume para o seu espa\u00e7o","isPartOf":{"@id":"\/#website"},"datePublished":"2015-11-10T09:39:01+00:00","dateModified":"2021-11-23T09:46:42+00:00","description":"A qualidade do difusor de perfume garante a difus\u00e3o de uma atmosfera olfactiva nas melhores condi\u00e7\u00f5es.Tendo em conta as diversas aplica\u00e7\u00f5es do marketing olfactivo, oferecemos uma ampla gama de difusores de perfume.\u00a0A natarom\u00a0prop\u00f5e\u00a0difusores compactos aut\u00f3nomos\u00a0para uma difus\u00e3o absolutamente discreta e sistemas mais elaborados nomeadamente\u00a0centrais de difus\u00e3o.","breadcrumb":{"@id":"https:\/\/www.natarom.com\/pt-pt\/um-difusor-de-perfume-para-o-seu-espaco\/#breadcrumb"},"inLanguage":"pt-PT","potentialAction":[{"@type":"ReadAction","target":["https:\/\/www.natarom.com\/pt-pt\/um-difusor-de-perfume-para-o-seu-espaco\/"]}]},{"@type":"BreadcrumbList","@id":"https:\/\/www.natarom.com\/pt-pt\/um-difusor-de-perfume-para-o-seu-espaco\/#breadcrumb","itemListElement":[{"@type":"ListItem","position":1,"name":"Accueil","item":"https:\/\/www.natarom.com\/pt-pt\/"},{"@type":"ListItem","position":2,"name":"Um difusor de perfume para o seu espa\u00e7o"}]},{"@type":"WebSite","@id":"\/#website","url":"\/","name":"Natarom","description":"","publisher":{"@id":"\/#organization"},"potentialAction":[{"@type":"SearchAction","target":{"@type":"EntryPoint","urlTemplate":"\/?s={search_term_string}"},"query-input":{"@type":"PropertyValueSpecification","valueRequired":true,"valueName":"search_term_string"}}],"inLanguage":"pt-PT"},{"@type":"Organization","@id":"\/#organization","name":"Natarom","url":"\/","logo":{"@type":"ImageObject","inLanguage":"pt-PT","@id":"\/#\/schema\/logo\/image\/","url":"https:\/\/www.natarom.com\/wp-content\/uploads\/2020\/07\/Logo_2019_Natarom-sansBASELINE-e1610620300146.png","contentUrl":"https:\/\/www.natarom.com\/wp-content\/uploads\/2020\/07\/Logo_2019_Natarom-sansBASELINE-e1610620300146.png","width":694,"height":222,"caption":"Natarom"},"image":{"@id":"\/#\/schema\/logo\/image\/"}}]}},"publishpress_future_action":{"enabled":false,"date":"2026-05-05 18:26:29","action":"change-status","newStatus":"draft","terms":[],"taxonomy":"translation_priority","extraData":[]},"publishpress_future_workflow_manual_trigger":{"enabledWorkflows":[]},"_links":{"self":[{"href":"https:\/\/www.natarom.com\/pt-pt\/wp-json\/wp\/v2\/pages\/42059","targetHints":{"allow":["GET"]}}],"collection":[{"href":"https:\/\/www.natarom.com\/pt-pt\/wp-json\/wp\/v2\/pages"}],"about":[{"href":"https:\/\/www.natarom.com\/pt-pt\/wp-json\/wp\/v2\/types\/page"}],"author":[{"embeddable":true,"href":"https:\/\/www.natarom.com\/pt-pt\/wp-json\/wp\/v2\/users\/2"}],"replies":[{"embeddable":true,"href":"https:\/\/www.natarom.com\/pt-pt\/wp-json\/wp\/v2\/comments?post=42059"}],"version-history":[{"count":3,"href":"https:\/\/www.natarom.com\/pt-pt\/wp-json\/wp\/v2\/pages\/42059\/revisions"}],"predecessor-version":[{"id":42067,"href":"https:\/\/www.natarom.com\/pt-pt\/wp-json\/wp\/v2\/pages\/42059\/revisions\/42067"}],"wp:attachment":[{"href":"https:\/\/www.natarom.com\/pt-pt\/wp-json\/wp\/v2\/media?parent=42059"}],"curies":[{"name":"wp","href":"https:\/\/api.w.org\/{rel}","templated":true}]}}