{"id":42203,"date":"2015-11-10T10:37:48","date_gmt":"2015-11-10T09:37:48","guid":{"rendered":"https:\/\/www.natarom.com\/natarom-conseil-marketing-olfactif\/"},"modified":"2021-11-23T22:46:07","modified_gmt":"2021-11-23T21:46:07","slug":"natarom-consultoria-em-marketing-olfactivo","status":"publish","type":"page","link":"https:\/\/www.natarom.com\/pt-pt\/natarom-consultoria-em-marketing-olfactivo\/","title":{"rendered":"Natarom, consultoria em marketing olfactivo"},"content":{"rendered":"<h2>O marketing olfactivo assenta na experi\u00eancia olfactiva de cada indiv\u00edduo. Traz \u00e0 mem\u00f3ria lembran\u00e7as e cria la\u00e7os impercept\u00edveis com os visitantes ou os clientes.<\/h2>\n<p>Temos por miss\u00e3o melhorar o <strong>ambiente olfactivo dos seus pontos de venda ou espa\u00e7os de atendimento<\/strong> atrav\u00e9s da difus\u00e3o de uma fragr\u00e2ncia, igualmente conhecida por <strong>perfume ambientador<\/strong>. Atentos \u00e0s suas necessidades, e apoiados pelo nosso polo de pesquisa e desenvolvimento, colocamos os nossos servi\u00e7os de consultoria a o nosso savoir-faire \u00e0 sua disposi\u00e7\u00e3o.<\/p>\n<h3>O savoir-faire e os valores da natarom, marketing olfactivo<\/h3>\n<p>Fomos os primeiros a conceber, produzir e comercializar\u00a0difusores de perfume para os profissionais, os quais recorreram a estas solu\u00e7\u00f5es para valorizar os seus produtos e a sua marca atrav\u00e9s da comunica\u00e7\u00e3o sensorial.<\/p>\n<p><strong>Por que raz\u00e3o escolher a natarom?<\/strong><\/p>\n<p>Os clientes que confiam no nosso trabalho apreciam a nossa abordagem global e a variedade das nossas compet\u00eancias.<\/p>\n<p>Gest\u00e3o total dos produtos e solu\u00e7\u00f5es desde a concep\u00e7\u00e3o at\u00e9 \u00e0 produ\u00e7\u00e3o em fran\u00e7a<\/p>\n<ul>\n<li>Experi\u00eancia reconhecida e perenidade no ramo do marketing olfactivo<\/li>\n<li>Gama completa\u00a0de materiais e de produtos<\/li>\n<li>Aconselhamento personalizado\u00a0na condu\u00e7\u00e3o de todos os projectos marketing e desenvolvimento<\/li>\n<li>Implementa\u00e7\u00e3o de um processo industrial curto com optimiza\u00e7\u00e3o dos custos e dos prazos<\/li>\n<li>Servi\u00e7o p\u00f3s-venda reactivo<\/li>\n<li>Pesquisa e desenvolvimento em constante inova\u00e7\u00e3o<\/li>\n<li>Rede de parceiros exclusivos<\/li>\n<\/ul>\n<h3>A hist\u00f3ria da natarom, marketing olfactivo<\/h3>\n<p>Ap\u00f3s mais de 50 anos de experi\u00eancia no ramo da bomba de diafragma, a natarom \u00e9 lan\u00e7ada com o nascimento dos seus primeiros difusores de \u00f3leos essenciais,\u00a0em 1993.\u00a0Desde ent\u00e3o, o conceito natarom tem evolu\u00eddo, procurando adaptar-se \u00e0 procura do mercado com um acompanhamento completo:<\/p>\n<ul>\n<li>Desenvolvimento<\/li>\n<li>Fabrico<\/li>\n<li>Distribui\u00e7\u00e3o\u00a0(rede nacional e internacional)<\/li>\n<\/ul>\n<blockquote><p><strong>A mais-valia da natarom<\/strong>: a rede de distribui\u00e7\u00e3o nacional e internacional est\u00e1 em contacto directo com os clientes e tem o apoio permanente da natarom (projectos e apoio t\u00e9cnico).<\/p><\/blockquote>\n<h2>Natarom e originel fragrance, fabricante franc\u00eas de velas perfumadas<\/h2>\n<p>A natarom diversifica-se e constitui uma mais-valia para a sua gama de servi\u00e7os: <strong>natarom collection<\/strong>, objectos perfumados.<\/p>\n<p>A natarom collection re\u00fane 4 novas categorias de <strong>objectos perfumados<\/strong>:<\/p>\n<ul>\n<li>Velas perfumadas<\/li>\n<li>Incensos perfumados<\/li>\n<li>Spray ambientador<\/li>\n<li>Vaporizadores para almofadas<\/li>\n<\/ul>\n<p>Em junho de 2020, para desenvolver rapidamente a sua gama de velas perfumadas, a natarom procede \u00e0 aquisi\u00e7\u00e3o de uma empresa francesa, cujas oficinas ficam localizadas no cora\u00e7\u00e3o dos alpes franceses na haute-savoie entre o lago e a montanha, denominada <strong>originel fragrance<\/strong>.<\/p>\n<p>Hoje em dia, as oficinas e os stocks est\u00e3o sob a al\u00e7ada da natarom, na cidade de bondoufle (regi\u00e3o de essonne, em fran\u00e7a).<\/p>\n","protected":false},"excerpt":{"rendered":"<p>O marketing olfactivo assenta na experi\u00eancia olfactiva de cada indiv\u00edduo&#8230;.<\/p>\n","protected":false},"author":2,"featured_media":56505,"parent":0,"menu_order":0,"comment_status":"closed","ping_status":"closed","template":"","meta":{"footnotes":""},"class_list":["post-42203","page","type-page","status-publish","has-post-thumbnail","hentry"],"yoast_head":"<!-- This site is optimized with the Yoast SEO plugin v27.3 - https:\/\/yoast.com\/product\/yoast-seo-wordpress\/ -->\n<title>Natarom, consultoria em marketing olfactivo<\/title>\n<meta name=\"description\" content=\"O marketing olfactivo assenta na experi\u00eancia olfactiva de cada indiv\u00edduo. Traz \u00e0 mem\u00f3ria lembran\u00e7as e cria la\u00e7os impercept\u00edveis com os visitantes ou os clientes.\" \/>\n<meta name=\"robots\" content=\"index, follow, max-snippet:-1, max-image-preview:large, max-video-preview:-1\" \/>\n<link rel=\"canonical\" href=\"https:\/\/www.natarom.com\/pt-pt\/natarom-consultoria-em-marketing-olfactivo\/\" \/>\n<meta property=\"og:locale\" content=\"pt_PT\" \/>\n<meta property=\"og:type\" content=\"article\" \/>\n<meta property=\"og:title\" content=\"Natarom, consultoria em marketing olfactivo\" \/>\n<meta property=\"og:description\" content=\"O marketing olfactivo assenta na experi\u00eancia olfactiva de cada indiv\u00edduo. Traz \u00e0 mem\u00f3ria lembran\u00e7as e cria la\u00e7os impercept\u00edveis com os visitantes ou os clientes.\" \/>\n<meta property=\"og:url\" content=\"https:\/\/www.natarom.com\/pt-pt\/natarom-consultoria-em-marketing-olfactivo\/\" \/>\n<meta property=\"og:site_name\" content=\"Natarom\" \/>\n<meta property=\"article:modified_time\" content=\"2021-11-23T21:46:07+00:00\" \/>\n<meta property=\"og:image\" content=\"https:\/\/www.natarom.com\/wp-content\/uploads\/2023\/09\/2023_Symbole-Natarom_Gold.png\" \/>\n\t<meta property=\"og:image:width\" content=\"357\" \/>\n\t<meta property=\"og:image:height\" content=\"306\" \/>\n\t<meta property=\"og:image:type\" content=\"image\/png\" \/>\n<meta name=\"twitter:card\" content=\"summary_large_image\" \/>\n<meta name=\"twitter:label1\" content=\"Tempo estimado de leitura\" \/>\n\t<meta name=\"twitter:data1\" content=\"2 minutos\" \/>\n<script type=\"application\/ld+json\" class=\"yoast-schema-graph\">{\"@context\":\"https:\\\/\\\/schema.org\",\"@graph\":[{\"@type\":\"WebPage\",\"@id\":\"https:\\\/\\\/www.natarom.com\\\/pt-pt\\\/natarom-consultoria-em-marketing-olfactivo\\\/\",\"url\":\"https:\\\/\\\/www.natarom.com\\\/pt-pt\\\/natarom-consultoria-em-marketing-olfactivo\\\/\",\"name\":\"Natarom, consultoria em marketing olfactivo\",\"isPartOf\":{\"@id\":\"\\\/#website\"},\"primaryImageOfPage\":{\"@id\":\"https:\\\/\\\/www.natarom.com\\\/pt-pt\\\/natarom-consultoria-em-marketing-olfactivo\\\/#primaryimage\"},\"image\":{\"@id\":\"https:\\\/\\\/www.natarom.com\\\/pt-pt\\\/natarom-consultoria-em-marketing-olfactivo\\\/#primaryimage\"},\"thumbnailUrl\":\"https:\\\/\\\/www.natarom.com\\\/wp-content\\\/uploads\\\/2023\\\/09\\\/2023_Symbole-Natarom_Gold.png\",\"datePublished\":\"2015-11-10T09:37:48+00:00\",\"dateModified\":\"2021-11-23T21:46:07+00:00\",\"description\":\"O marketing olfactivo assenta na experi\u00eancia olfactiva de cada indiv\u00edduo. Traz \u00e0 mem\u00f3ria lembran\u00e7as e cria la\u00e7os impercept\u00edveis com os visitantes ou os clientes.\",\"breadcrumb\":{\"@id\":\"https:\\\/\\\/www.natarom.com\\\/pt-pt\\\/natarom-consultoria-em-marketing-olfactivo\\\/#breadcrumb\"},\"inLanguage\":\"pt-PT\",\"potentialAction\":[{\"@type\":\"ReadAction\",\"target\":[\"https:\\\/\\\/www.natarom.com\\\/pt-pt\\\/natarom-consultoria-em-marketing-olfactivo\\\/\"]}]},{\"@type\":\"ImageObject\",\"inLanguage\":\"pt-PT\",\"@id\":\"https:\\\/\\\/www.natarom.com\\\/pt-pt\\\/natarom-consultoria-em-marketing-olfactivo\\\/#primaryimage\",\"url\":\"https:\\\/\\\/www.natarom.com\\\/wp-content\\\/uploads\\\/2023\\\/09\\\/2023_Symbole-Natarom_Gold.png\",\"contentUrl\":\"https:\\\/\\\/www.natarom.com\\\/wp-content\\\/uploads\\\/2023\\\/09\\\/2023_Symbole-Natarom_Gold.png\",\"width\":357,\"height\":306},{\"@type\":\"BreadcrumbList\",\"@id\":\"https:\\\/\\\/www.natarom.com\\\/pt-pt\\\/natarom-consultoria-em-marketing-olfactivo\\\/#breadcrumb\",\"itemListElement\":[{\"@type\":\"ListItem\",\"position\":1,\"name\":\"Accueil\",\"item\":\"http:\\\/\\\/www.natarom.com\\\/pt-pt\\\/\"},{\"@type\":\"ListItem\",\"position\":2,\"name\":\"Natarom, consultoria em marketing olfactivo\"}]},{\"@type\":\"WebSite\",\"@id\":\"\\\/#website\",\"url\":\"\\\/\",\"name\":\"Natarom\",\"description\":\"\",\"publisher\":{\"@id\":\"\\\/#organization\"},\"potentialAction\":[{\"@type\":\"SearchAction\",\"target\":{\"@type\":\"EntryPoint\",\"urlTemplate\":\"\\\/?s={search_term_string}\"},\"query-input\":{\"@type\":\"PropertyValueSpecification\",\"valueRequired\":true,\"valueName\":\"search_term_string\"}}],\"inLanguage\":\"pt-PT\"},{\"@type\":\"Organization\",\"@id\":\"\\\/#organization\",\"name\":\"Natarom\",\"url\":\"\\\/\",\"logo\":{\"@type\":\"ImageObject\",\"inLanguage\":\"pt-PT\",\"@id\":\"\\\/#\\\/schema\\\/logo\\\/image\\\/\",\"url\":\"http:\\\/\\\/www.natarom.com\\\/wp-content\\\/uploads\\\/2020\\\/07\\\/Logo_2019_Natarom-sansBASELINE-e1610620300146.png\",\"contentUrl\":\"http:\\\/\\\/www.natarom.com\\\/wp-content\\\/uploads\\\/2020\\\/07\\\/Logo_2019_Natarom-sansBASELINE-e1610620300146.png\",\"width\":694,\"height\":222,\"caption\":\"Natarom\"},\"image\":{\"@id\":\"\\\/#\\\/schema\\\/logo\\\/image\\\/\"}}]}<\/script>\n<!-- \/ Yoast SEO plugin. -->","yoast_head_json":{"title":"Natarom, consultoria em marketing olfactivo","description":"O marketing olfactivo assenta na experi\u00eancia olfactiva de cada indiv\u00edduo. Traz \u00e0 mem\u00f3ria lembran\u00e7as e cria la\u00e7os impercept\u00edveis com os visitantes ou os clientes.","robots":{"index":"index","follow":"follow","max-snippet":"max-snippet:-1","max-image-preview":"max-image-preview:large","max-video-preview":"max-video-preview:-1"},"canonical":"https:\/\/www.natarom.com\/pt-pt\/natarom-consultoria-em-marketing-olfactivo\/","og_locale":"pt_PT","og_type":"article","og_title":"Natarom, consultoria em marketing olfactivo","og_description":"O marketing olfactivo assenta na experi\u00eancia olfactiva de cada indiv\u00edduo. Traz \u00e0 mem\u00f3ria lembran\u00e7as e cria la\u00e7os impercept\u00edveis com os visitantes ou os clientes.","og_url":"https:\/\/www.natarom.com\/pt-pt\/natarom-consultoria-em-marketing-olfactivo\/","og_site_name":"Natarom","article_modified_time":"2021-11-23T21:46:07+00:00","og_image":[{"width":357,"height":306,"url":"https:\/\/www.natarom.com\/wp-content\/uploads\/2023\/09\/2023_Symbole-Natarom_Gold.png","type":"image\/png"}],"twitter_card":"summary_large_image","twitter_misc":{"Tempo estimado de leitura":"2 minutos"},"schema":{"@context":"https:\/\/schema.org","@graph":[{"@type":"WebPage","@id":"https:\/\/www.natarom.com\/pt-pt\/natarom-consultoria-em-marketing-olfactivo\/","url":"https:\/\/www.natarom.com\/pt-pt\/natarom-consultoria-em-marketing-olfactivo\/","name":"Natarom, consultoria em marketing olfactivo","isPartOf":{"@id":"\/#website"},"primaryImageOfPage":{"@id":"https:\/\/www.natarom.com\/pt-pt\/natarom-consultoria-em-marketing-olfactivo\/#primaryimage"},"image":{"@id":"https:\/\/www.natarom.com\/pt-pt\/natarom-consultoria-em-marketing-olfactivo\/#primaryimage"},"thumbnailUrl":"https:\/\/www.natarom.com\/wp-content\/uploads\/2023\/09\/2023_Symbole-Natarom_Gold.png","datePublished":"2015-11-10T09:37:48+00:00","dateModified":"2021-11-23T21:46:07+00:00","description":"O marketing olfactivo assenta na experi\u00eancia olfactiva de cada indiv\u00edduo. Traz \u00e0 mem\u00f3ria lembran\u00e7as e cria la\u00e7os impercept\u00edveis com os visitantes ou os clientes.","breadcrumb":{"@id":"https:\/\/www.natarom.com\/pt-pt\/natarom-consultoria-em-marketing-olfactivo\/#breadcrumb"},"inLanguage":"pt-PT","potentialAction":[{"@type":"ReadAction","target":["https:\/\/www.natarom.com\/pt-pt\/natarom-consultoria-em-marketing-olfactivo\/"]}]},{"@type":"ImageObject","inLanguage":"pt-PT","@id":"https:\/\/www.natarom.com\/pt-pt\/natarom-consultoria-em-marketing-olfactivo\/#primaryimage","url":"https:\/\/www.natarom.com\/wp-content\/uploads\/2023\/09\/2023_Symbole-Natarom_Gold.png","contentUrl":"https:\/\/www.natarom.com\/wp-content\/uploads\/2023\/09\/2023_Symbole-Natarom_Gold.png","width":357,"height":306},{"@type":"BreadcrumbList","@id":"https:\/\/www.natarom.com\/pt-pt\/natarom-consultoria-em-marketing-olfactivo\/#breadcrumb","itemListElement":[{"@type":"ListItem","position":1,"name":"Accueil","item":"https:\/\/www.natarom.com\/pt-pt\/"},{"@type":"ListItem","position":2,"name":"Natarom, consultoria em marketing olfactivo"}]},{"@type":"WebSite","@id":"\/#website","url":"\/","name":"Natarom","description":"","publisher":{"@id":"\/#organization"},"potentialAction":[{"@type":"SearchAction","target":{"@type":"EntryPoint","urlTemplate":"\/?s={search_term_string}"},"query-input":{"@type":"PropertyValueSpecification","valueRequired":true,"valueName":"search_term_string"}}],"inLanguage":"pt-PT"},{"@type":"Organization","@id":"\/#organization","name":"Natarom","url":"\/","logo":{"@type":"ImageObject","inLanguage":"pt-PT","@id":"\/#\/schema\/logo\/image\/","url":"https:\/\/www.natarom.com\/wp-content\/uploads\/2020\/07\/Logo_2019_Natarom-sansBASELINE-e1610620300146.png","contentUrl":"https:\/\/www.natarom.com\/wp-content\/uploads\/2020\/07\/Logo_2019_Natarom-sansBASELINE-e1610620300146.png","width":694,"height":222,"caption":"Natarom"},"image":{"@id":"\/#\/schema\/logo\/image\/"}}]}},"publishpress_future_action":{"enabled":false,"date":"2026-04-25 06:55:50","action":"change-status","newStatus":"draft","terms":[],"taxonomy":"translation_priority","extraData":[]},"publishpress_future_workflow_manual_trigger":{"enabledWorkflows":[]},"_links":{"self":[{"href":"https:\/\/www.natarom.com\/pt-pt\/wp-json\/wp\/v2\/pages\/42203","targetHints":{"allow":["GET"]}}],"collection":[{"href":"https:\/\/www.natarom.com\/pt-pt\/wp-json\/wp\/v2\/pages"}],"about":[{"href":"https:\/\/www.natarom.com\/pt-pt\/wp-json\/wp\/v2\/types\/page"}],"author":[{"embeddable":true,"href":"https:\/\/www.natarom.com\/pt-pt\/wp-json\/wp\/v2\/users\/2"}],"replies":[{"embeddable":true,"href":"https:\/\/www.natarom.com\/pt-pt\/wp-json\/wp\/v2\/comments?post=42203"}],"version-history":[{"count":2,"href":"https:\/\/www.natarom.com\/pt-pt\/wp-json\/wp\/v2\/pages\/42203\/revisions"}],"predecessor-version":[{"id":42211,"href":"https:\/\/www.natarom.com\/pt-pt\/wp-json\/wp\/v2\/pages\/42203\/revisions\/42211"}],"wp:featuredmedia":[{"embeddable":true,"href":"https:\/\/www.natarom.com\/pt-pt\/wp-json\/wp\/v2\/media\/56505"}],"wp:attachment":[{"href":"https:\/\/www.natarom.com\/pt-pt\/wp-json\/wp\/v2\/media?parent=42203"}],"curies":[{"name":"wp","href":"https:\/\/api.w.org\/{rel}","templated":true}]}}